{"id":10426,"date":"2023-06-13T13:27:50","date_gmt":"2023-06-13T11:27:50","guid":{"rendered":"https:\/\/dmd2.com\/residenze-per-anziani\/"},"modified":"2025-02-03T10:51:13","modified_gmt":"2025-02-03T09:51:13","slug":"residenze-per-anziani","status":"publish","type":"page","link":"https:\/\/dmd2dev.smartkmu.com\/it\/residenze-per-anziani\/","title":{"rendered":"Residenze per anziani"},"content":{"rendered":"<h3>Health<\/h3>\n<h1>Residenze per anziani<\/h1>\n<h2>Playlist con contenuti e storia per ricordi musicali d&#8217;atmosfera o semplicemente per rilassarsi.<\/h2>\n<p>\t\t\t\t\t\t\t\t\t\t\t\t\t\t\t<img fetchpriority=\"high\" decoding=\"async\" width=\"800\" height=\"147\" src=\"https:\/\/dmd2dev.smartkmu.com\/wp-content\/uploads\/2023\/06\/logo_altersresidenzen-02-1024x188.png\" alt=\"Bild: Logo Altersresidenzen\" srcset=\"https:\/\/dmd2dev.smartkmu.com\/wp-content\/uploads\/2023\/06\/logo_altersresidenzen-02-1024x188.png 1024w, https:\/\/dmd2dev.smartkmu.com\/wp-content\/uploads\/2023\/06\/logo_altersresidenzen-02-300x55.png 300w, https:\/\/dmd2dev.smartkmu.com\/wp-content\/uploads\/2023\/06\/logo_altersresidenzen-02-768x141.png 768w, https:\/\/dmd2dev.smartkmu.com\/wp-content\/uploads\/2023\/06\/logo_altersresidenzen-02.png 1392w\" sizes=\"(max-width: 800px) 100vw, 800px\" \/><br \/>\n\t\t\t<a href=\"#nextsection\"><br \/>\n\t\t\t<svg xmlns=\"http:\/\/www.w3.org\/2000\/svg\" id=\"noun-arrow-down-2013373\" width=\"39.44\" height=\"56.534\" viewBox=\"0 0 39.44 56.534\"><path id=\"Pfad_482\" data-name=\"Pfad 482\" d=\"M221.337,136.2h-9v42.678l-15.125-9.338-.117,10.393,19.74,12.8,19.7-12.762-.078-10.432-15.138,9.3Z\" transform=\"translate(-197.1 -136.2)\" fill=\"#867264\"><\/path><\/svg>\t\t\t<\/a><\/p>\n<h1>DMD2 Music<br \/>Canali principali per le residenze per anziani<\/h1>\n<p><a href=\"https:\/\/dmd2dev.smartkmu.com\/it\/canali\/\">Panoramica di tutti i canali musicali del DMD2<\/a><\/p>\n<h3>Come funziona<br \/>\n<\/h3>\n<h1>Tre passi verso il piacere della musica<\/h1>\n<p>\t\t\t\t\t1.\t\t\t\t<\/p>\n<h2>Inizia il tuo mese di prova gratuito<br \/>\n<\/h2>\n<p>Potrete accedere a tutti gli stream e avere una panoramica delle playlist. Potete cancellarvi in qualsiasi momento senza dover sostenere alcun costo.<\/p>\n<p><a href=\"https:\/\/dmd2dev.smartkmu.com\/it\/test-gratuito\/\">Registratevi qui.<\/a><\/p>\n<p>\t\t\t\t\t2.\t\t\t\t<\/p>\n<h2>Ottieni il tuo stream<\/h2>\n<p>L&#8217;applicazione \u00e8 gratuita per smartphone o tablet, il lettore web anche per computer. Su richiesta \u00e8 disponibile anche un lettore hardware.<\/p>\n<p>\t\t\t\t\t3.\t\t\t\t<\/p>\n<h2>Collegare il sistema audio<\/h2>\n<p>Collegate il lettore al vostro impianto audio tramite Bluetooth, Airplay, WiFi o cavo, selezionate un canale e godetevi la musica senza interruzioni.<\/p>\n<h3>ABBONAMENTO<\/h3>\n<h1>Prezzi e ordini<\/h1>\n<h1>Complementare: Personalizzazione, branding e promozione<\/h1>\n<h2>Spot DMD2<\/h2>\n<h2>Annunci, spot e jingle<\/h2>\n<p>Produciamo e distribuiamo annunci, spot e jingle individuali per una pubblicit\u00e0 personalizzata nei vostri flussi.<br \/>Indipendenti dalla piattaforma e combinabili con qualsiasi flusso.<\/p>\n<p>\t\t\t\t\t<a href=\"https:\/\/dmd2dev.smartkmu.com\/it\/spot\/\"><br \/>\n\t\t\t\t\t\t\t\t\tPIATTAFORMA<br \/>\n\t\t\t\t\t<\/a><br \/>\n\t\t\t\t\t<a href=\"https:\/\/dmd2dev.smartkmu.com\/it\/spot\/#wirkung\"><br \/>\n\t\t\t\t\t\t\t\t\tEFFETTO<br \/>\n\t\t\t\t\t<\/a><br \/>\n\t\t\t\t\t<a href=\"https:\/\/dmd2dev.smartkmu.com\/it\/spot\/#produktion\"><br \/>\n\t\t\t\t\t\t\t\t\tPRODUZIONE<br \/>\n\t\t\t\t\t<\/a><\/p>\n<h3>RIFERIMENTI<\/h3>\n<h1>Clienti fortemente soddisfatti<\/h1>\n<p>\t\t\t\t\t\t\t\t\t\t\t\t\t\t\t<img decoding=\"async\" width=\"194\" height=\"133\" src=\"https:\/\/dmd2dev.smartkmu.com\/wp-content\/uploads\/2023\/06\/Schwabgut.svg\" alt=\"\" \/><br \/>\n\t\t\t\t\t\t\t\t\t\t\t\t\t\t\t<img decoding=\"async\" width=\"768\" height=\"543\" src=\"https:\/\/dmd2dev.smartkmu.com\/wp-content\/uploads\/2023\/06\/aurafides.svg\" alt=\"\" \/><\/p>\n","protected":false},"excerpt":{"rendered":"<p>Health Residenze per anziani Playlist con contenuti e storia per ricordi musicali d&#8217;atmosfera o semplicemente per rilassarsi. DMD2 MusicCanali principali per le residenze per anziani Panoramica di tutti i canali musicali del DMD2 Come funziona Tre passi verso il piacere della musica 1. Inizia il tuo mese di prova gratuito Potrete accedere a tutti gli [&hellip;]<\/p>\n","protected":false},"author":3,"featured_media":0,"parent":0,"menu_order":0,"comment_status":"closed","ping_status":"closed","template":"","meta":{"footnotes":""},"class_list":["post-10426","page","type-page","status-publish","hentry"],"yoast_head":"<!-- This site is optimized with the Yoast SEO plugin v25.1 - https:\/\/yoast.com\/wordpress\/plugins\/seo\/ -->\n<title>Musik f\u00fcr Residenze per anziani - DMD2 \u2013 Hintergrundmusik f\u00fcr Unternehmen<\/title>\n<meta name=\"description\" content=\"Musica per residenze per anziani. Musica di sottofondo in streaming tramite app per smartphone, tablet, lettore web per computer o lettore hardware.\" \/>\n<meta name=\"robots\" content=\"index, follow, max-snippet:-1, max-image-preview:large, max-video-preview:-1\" \/>\n<link rel=\"canonical\" href=\"https:\/\/dmd2dev.smartkmu.com\/it\/residenze-per-anziani\/\" \/>\n<meta property=\"og:locale\" content=\"it_IT\" \/>\n<meta property=\"og:type\" content=\"article\" \/>\n<meta property=\"og:title\" content=\"Musik f\u00fcr Residenze per anziani - DMD2 \u2013 Hintergrundmusik f\u00fcr Unternehmen\" \/>\n<meta property=\"og:description\" content=\"Musica per residenze per anziani. Musica di sottofondo in streaming tramite app per smartphone, tablet, lettore web per computer o lettore hardware.\" \/>\n<meta property=\"og:url\" content=\"https:\/\/dmd2dev.smartkmu.com\/it\/residenze-per-anziani\/\" \/>\n<meta property=\"og:site_name\" content=\"DMD2 \u2013 Hintergrundmusik f\u00fcr Unternehmen\" \/>\n<meta property=\"article:publisher\" content=\"https:\/\/www.facebook.com\/DMD2AG\" \/>\n<meta property=\"article:modified_time\" content=\"2025-02-03T09:51:13+00:00\" \/>\n<meta property=\"og:image\" content=\"https:\/\/dmd2dev.smartkmu.com\/wp-content\/uploads\/2023\/06\/logo_altersresidenzen-02.png\" \/>\n\t<meta property=\"og:image:width\" content=\"1392\" \/>\n\t<meta property=\"og:image:height\" content=\"255\" \/>\n\t<meta property=\"og:image:type\" content=\"image\/png\" \/>\n<meta name=\"twitter:card\" content=\"summary_large_image\" \/>\n<meta name=\"twitter:site\" content=\"@dmd2\" \/>\n<meta name=\"twitter:label1\" content=\"Tempo di lettura stimato\" \/>\n\t<meta name=\"twitter:data1\" content=\"8 minuti\" \/>\n<script type=\"application\/ld+json\" class=\"yoast-schema-graph\">{\"@context\":\"https:\/\/schema.org\",\"@graph\":[{\"@type\":\"WebPage\",\"@id\":\"https:\/\/dmd2dev.smartkmu.com\/it\/residenze-per-anziani\/\",\"url\":\"https:\/\/dmd2dev.smartkmu.com\/it\/residenze-per-anziani\/\",\"name\":\"Musik f\u00fcr Residenze per anziani - DMD2 \u2013 Hintergrundmusik f\u00fcr Unternehmen\",\"isPartOf\":{\"@id\":\"https:\/\/dmd2dev.smartkmu.com\/it\/#website\"},\"primaryImageOfPage\":{\"@id\":\"https:\/\/dmd2dev.smartkmu.com\/it\/residenze-per-anziani\/#primaryimage\"},\"image\":{\"@id\":\"https:\/\/dmd2dev.smartkmu.com\/it\/residenze-per-anziani\/#primaryimage\"},\"thumbnailUrl\":\"https:\/\/dmd2dev.smartkmu.com\/wp-content\/uploads\/2023\/06\/logo_altersresidenzen-02-1024x188.png\",\"datePublished\":\"2023-06-13T11:27:50+00:00\",\"dateModified\":\"2025-02-03T09:51:13+00:00\",\"description\":\"Musica per residenze per anziani. Musica di sottofondo in streaming tramite app per smartphone, tablet, lettore web per computer o lettore hardware.\",\"breadcrumb\":{\"@id\":\"https:\/\/dmd2dev.smartkmu.com\/it\/residenze-per-anziani\/#breadcrumb\"},\"inLanguage\":\"it-IT\",\"potentialAction\":[{\"@type\":\"ReadAction\",\"target\":[\"https:\/\/dmd2dev.smartkmu.com\/it\/residenze-per-anziani\/\"]}]},{\"@type\":\"ImageObject\",\"inLanguage\":\"it-IT\",\"@id\":\"https:\/\/dmd2dev.smartkmu.com\/it\/residenze-per-anziani\/#primaryimage\",\"url\":\"https:\/\/dmd2dev.smartkmu.com\/wp-content\/uploads\/2023\/06\/logo_altersresidenzen-02-1024x188.png\",\"contentUrl\":\"https:\/\/dmd2dev.smartkmu.com\/wp-content\/uploads\/2023\/06\/logo_altersresidenzen-02-1024x188.png\"},{\"@type\":\"BreadcrumbList\",\"@id\":\"https:\/\/dmd2dev.smartkmu.com\/it\/residenze-per-anziani\/#breadcrumb\",\"itemListElement\":[{\"@type\":\"ListItem\",\"position\":1,\"name\":\"Startseite\",\"item\":\"https:\/\/dmd2dev.smartkmu.com\/it\/\"},{\"@type\":\"ListItem\",\"position\":2,\"name\":\"Residenze per anziani\"}]},{\"@type\":\"WebSite\",\"@id\":\"https:\/\/dmd2dev.smartkmu.com\/it\/#website\",\"url\":\"https:\/\/dmd2dev.smartkmu.com\/it\/\",\"name\":\"DMD2 - Technology & Emotion, Hintergrundmusik f\u00fcr Unternehmen\",\"description\":\"GEMA-freie und lizenzierte Musikl\u00f6sungen f\u00fcr Ihr Restaurant, Hotel, Studio, Shop, oder Filiale. Instore Audio, Playlists individuell erstellt. Jetzt gratis testen!\",\"publisher\":{\"@id\":\"https:\/\/dmd2dev.smartkmu.com\/it\/#organization\"},\"potentialAction\":[{\"@type\":\"SearchAction\",\"target\":{\"@type\":\"EntryPoint\",\"urlTemplate\":\"https:\/\/dmd2dev.smartkmu.com\/it\/?s={search_term_string}\"},\"query-input\":{\"@type\":\"PropertyValueSpecification\",\"valueRequired\":true,\"valueName\":\"search_term_string\"}}],\"inLanguage\":\"it-IT\"},{\"@type\":\"Organization\",\"@id\":\"https:\/\/dmd2dev.smartkmu.com\/it\/#organization\",\"name\":\"DMD2\",\"url\":\"https:\/\/dmd2dev.smartkmu.com\/it\/\",\"logo\":{\"@type\":\"ImageObject\",\"inLanguage\":\"it-IT\",\"@id\":\"https:\/\/dmd2dev.smartkmu.com\/it\/#\/schema\/logo\/image\/\",\"url\":\"https:\/\/dmd2dev.smartkmu.com\/wp-content\/uploads\/2023\/05\/logo_technology-emotion.png\",\"contentUrl\":\"https:\/\/dmd2dev.smartkmu.com\/wp-content\/uploads\/2023\/05\/logo_technology-emotion.png\",\"width\":874,\"height\":248,\"caption\":\"DMD2\"},\"image\":{\"@id\":\"https:\/\/dmd2dev.smartkmu.com\/it\/#\/schema\/logo\/image\/\"},\"sameAs\":[\"https:\/\/www.facebook.com\/DMD2AG\",\"https:\/\/x.com\/dmd2\",\"https:\/\/www.instagram.com\/dmd2__\",\"https:\/\/www.linkedin.com\/company\/digitalmediadistribution\/\"]}]}<\/script>\n<!-- \/ Yoast SEO plugin. -->","yoast_head_json":{"title":"Musik f\u00fcr Residenze per anziani - DMD2 \u2013 Hintergrundmusik f\u00fcr Unternehmen","description":"Musica per residenze per anziani. Musica di sottofondo in streaming tramite app per smartphone, tablet, lettore web per computer o lettore hardware.","robots":{"index":"index","follow":"follow","max-snippet":"max-snippet:-1","max-image-preview":"max-image-preview:large","max-video-preview":"max-video-preview:-1"},"canonical":"https:\/\/dmd2dev.smartkmu.com\/it\/residenze-per-anziani\/","og_locale":"it_IT","og_type":"article","og_title":"Musik f\u00fcr Residenze per anziani - DMD2 \u2013 Hintergrundmusik f\u00fcr Unternehmen","og_description":"Musica per residenze per anziani. Musica di sottofondo in streaming tramite app per smartphone, tablet, lettore web per computer o lettore hardware.","og_url":"https:\/\/dmd2dev.smartkmu.com\/it\/residenze-per-anziani\/","og_site_name":"DMD2 \u2013 Hintergrundmusik f\u00fcr Unternehmen","article_publisher":"https:\/\/www.facebook.com\/DMD2AG","article_modified_time":"2025-02-03T09:51:13+00:00","og_image":[{"width":1392,"height":255,"url":"https:\/\/dmd2dev.smartkmu.com\/wp-content\/uploads\/2023\/06\/logo_altersresidenzen-02.png","type":"image\/png"}],"twitter_card":"summary_large_image","twitter_site":"@dmd2","twitter_misc":{"Tempo di lettura stimato":"8 minuti"},"schema":{"@context":"https:\/\/schema.org","@graph":[{"@type":"WebPage","@id":"https:\/\/dmd2dev.smartkmu.com\/it\/residenze-per-anziani\/","url":"https:\/\/dmd2dev.smartkmu.com\/it\/residenze-per-anziani\/","name":"Musik f\u00fcr Residenze per anziani - DMD2 \u2013 Hintergrundmusik f\u00fcr Unternehmen","isPartOf":{"@id":"https:\/\/dmd2dev.smartkmu.com\/it\/#website"},"primaryImageOfPage":{"@id":"https:\/\/dmd2dev.smartkmu.com\/it\/residenze-per-anziani\/#primaryimage"},"image":{"@id":"https:\/\/dmd2dev.smartkmu.com\/it\/residenze-per-anziani\/#primaryimage"},"thumbnailUrl":"https:\/\/dmd2dev.smartkmu.com\/wp-content\/uploads\/2023\/06\/logo_altersresidenzen-02-1024x188.png","datePublished":"2023-06-13T11:27:50+00:00","dateModified":"2025-02-03T09:51:13+00:00","description":"Musica per residenze per anziani. Musica di sottofondo in streaming tramite app per smartphone, tablet, lettore web per computer o lettore hardware.","breadcrumb":{"@id":"https:\/\/dmd2dev.smartkmu.com\/it\/residenze-per-anziani\/#breadcrumb"},"inLanguage":"it-IT","potentialAction":[{"@type":"ReadAction","target":["https:\/\/dmd2dev.smartkmu.com\/it\/residenze-per-anziani\/"]}]},{"@type":"ImageObject","inLanguage":"it-IT","@id":"https:\/\/dmd2dev.smartkmu.com\/it\/residenze-per-anziani\/#primaryimage","url":"https:\/\/dmd2dev.smartkmu.com\/wp-content\/uploads\/2023\/06\/logo_altersresidenzen-02-1024x188.png","contentUrl":"https:\/\/dmd2dev.smartkmu.com\/wp-content\/uploads\/2023\/06\/logo_altersresidenzen-02-1024x188.png"},{"@type":"BreadcrumbList","@id":"https:\/\/dmd2dev.smartkmu.com\/it\/residenze-per-anziani\/#breadcrumb","itemListElement":[{"@type":"ListItem","position":1,"name":"Startseite","item":"https:\/\/dmd2dev.smartkmu.com\/it\/"},{"@type":"ListItem","position":2,"name":"Residenze per anziani"}]},{"@type":"WebSite","@id":"https:\/\/dmd2dev.smartkmu.com\/it\/#website","url":"https:\/\/dmd2dev.smartkmu.com\/it\/","name":"DMD2 - Technology & Emotion, Hintergrundmusik f\u00fcr Unternehmen","description":"GEMA-freie und lizenzierte Musikl\u00f6sungen f\u00fcr Ihr Restaurant, Hotel, Studio, Shop, oder Filiale. Instore Audio, Playlists individuell erstellt. Jetzt gratis testen!","publisher":{"@id":"https:\/\/dmd2dev.smartkmu.com\/it\/#organization"},"potentialAction":[{"@type":"SearchAction","target":{"@type":"EntryPoint","urlTemplate":"https:\/\/dmd2dev.smartkmu.com\/it\/?s={search_term_string}"},"query-input":{"@type":"PropertyValueSpecification","valueRequired":true,"valueName":"search_term_string"}}],"inLanguage":"it-IT"},{"@type":"Organization","@id":"https:\/\/dmd2dev.smartkmu.com\/it\/#organization","name":"DMD2","url":"https:\/\/dmd2dev.smartkmu.com\/it\/","logo":{"@type":"ImageObject","inLanguage":"it-IT","@id":"https:\/\/dmd2dev.smartkmu.com\/it\/#\/schema\/logo\/image\/","url":"https:\/\/dmd2dev.smartkmu.com\/wp-content\/uploads\/2023\/05\/logo_technology-emotion.png","contentUrl":"https:\/\/dmd2dev.smartkmu.com\/wp-content\/uploads\/2023\/05\/logo_technology-emotion.png","width":874,"height":248,"caption":"DMD2"},"image":{"@id":"https:\/\/dmd2dev.smartkmu.com\/it\/#\/schema\/logo\/image\/"},"sameAs":["https:\/\/www.facebook.com\/DMD2AG","https:\/\/x.com\/dmd2","https:\/\/www.instagram.com\/dmd2__","https:\/\/www.linkedin.com\/company\/digitalmediadistribution\/"]}]}},"_links":{"self":[{"href":"https:\/\/dmd2dev.smartkmu.com\/it\/wp-json\/wp\/v2\/pages\/10426","targetHints":{"allow":["GET"]}}],"collection":[{"href":"https:\/\/dmd2dev.smartkmu.com\/it\/wp-json\/wp\/v2\/pages"}],"about":[{"href":"https:\/\/dmd2dev.smartkmu.com\/it\/wp-json\/wp\/v2\/types\/page"}],"author":[{"embeddable":true,"href":"https:\/\/dmd2dev.smartkmu.com\/it\/wp-json\/wp\/v2\/users\/3"}],"replies":[{"embeddable":true,"href":"https:\/\/dmd2dev.smartkmu.com\/it\/wp-json\/wp\/v2\/comments?post=10426"}],"version-history":[{"count":19,"href":"https:\/\/dmd2dev.smartkmu.com\/it\/wp-json\/wp\/v2\/pages\/10426\/revisions"}],"predecessor-version":[{"id":16690,"href":"https:\/\/dmd2dev.smartkmu.com\/it\/wp-json\/wp\/v2\/pages\/10426\/revisions\/16690"}],"wp:attachment":[{"href":"https:\/\/dmd2dev.smartkmu.com\/it\/wp-json\/wp\/v2\/media?parent=10426"}],"curies":[{"name":"wp","href":"https:\/\/api.w.org\/{rel}","templated":true}]}}