{"id":10260,"date":"2023-06-07T14:21:13","date_gmt":"2023-06-07T12:21:13","guid":{"rendered":"https:\/\/dmd2.com\/tester-gratuitement\/"},"modified":"2025-01-31T17:28:52","modified_gmt":"2025-01-31T16:28:52","slug":"tester-gratuitement","status":"publish","type":"page","link":"https:\/\/dmd2dev.smartkmu.com\/fr\/tester-gratuitement\/","title":{"rendered":"Tester gratuitement"},"content":{"rendered":"\t\t<div data-elementor-type=\"wp-page\" data-elementor-id=\"10260\" class=\"elementor elementor-10260 elementor-688\" data-elementor-post-type=\"page\">\n\t\t\t\t<div class=\"elementor-element elementor-element-a679c10 e-flex e-con-boxed e-con e-parent\" data-id=\"a679c10\" data-element_type=\"container\" data-settings=\"{&quot;background_background&quot;:&quot;gradient&quot;}\">\n\t\t\t\t\t<div class=\"e-con-inner\">\n\t\t\t\t<div class=\"elementor-element elementor-element-65daa47 elementor-widget__width-inherit elementor-widget elementor-widget-heading\" data-id=\"65daa47\" data-element_type=\"widget\" data-widget_type=\"heading.default\">\n\t\t\t\t<div class=\"elementor-widget-container\">\n\t\t\t\t\t<h3 class=\"elementor-heading-title elementor-size-default\">Tester gratuitement\n<\/h3>\t\t\t\t<\/div>\n\t\t\t\t<\/div>\n\t\t\t\t<div class=\"elementor-element elementor-element-fd43779 elementor-widget__width-inherit elementor-widget elementor-widget-heading\" data-id=\"fd43779\" data-element_type=\"widget\" data-widget_type=\"heading.default\">\n\t\t\t\t<div class=\"elementor-widget-container\">\n\t\t\t\t\t<h1 class=\"elementor-heading-title elementor-size-default\">Trois \u00e9tapes pour profiter de votre musique<\/h1>\t\t\t\t<\/div>\n\t\t\t\t<\/div>\n\t\t<div class=\"elementor-element elementor-element-2902664 e-con-full e-flex e-con e-child\" data-id=\"2902664\" data-element_type=\"container\">\n\t\t\t\t<div class=\"elementor-element elementor-element-85e6c5d elementor-widget elementor-widget-heading\" data-id=\"85e6c5d\" data-element_type=\"widget\" data-widget_type=\"heading.default\">\n\t\t\t\t<div class=\"elementor-widget-container\">\n\t\t\t\t\t<span class=\"elementor-heading-title elementor-size-default\">1.<\/span>\t\t\t\t<\/div>\n\t\t\t\t<\/div>\n\t\t\t\t<div class=\"elementor-element elementor-element-f252289 elementor-widget elementor-widget-heading\" data-id=\"f252289\" data-element_type=\"widget\" data-widget_type=\"heading.default\">\n\t\t\t\t<div class=\"elementor-widget-container\">\n\t\t\t\t\t<h2 class=\"elementor-heading-title elementor-size-default\">D\u00e9marrez votre mois d'essai gratuit.\n<\/h2>\t\t\t\t<\/div>\n\t\t\t\t<\/div>\n\t\t\t\t<div class=\"elementor-element elementor-element-184ebdf elementor-widget elementor-widget-text-editor\" data-id=\"184ebdf\" data-element_type=\"widget\" data-widget_type=\"text-editor.default\">\n\t\t\t\t<div class=\"elementor-widget-container\">\n\t\t\t\t\t\t\t\t\t<p>Vous avez acc\u00e8s \u00e0 tous les streams et vous vous faites une id\u00e9e des playlists. R\u00e9siliable \u00e0 tout moment sans frais.<\/p><p>\u00a0<\/p>\t\t\t\t\t\t\t\t<\/div>\n\t\t\t\t<\/div>\n\t\t\t\t<\/div>\n\t\t<div class=\"elementor-element elementor-element-d97bceb e-con-full e-flex e-con e-child\" data-id=\"d97bceb\" data-element_type=\"container\">\n\t\t\t\t<div class=\"elementor-element elementor-element-9e3bfbb elementor-widget elementor-widget-heading\" data-id=\"9e3bfbb\" data-element_type=\"widget\" data-widget_type=\"heading.default\">\n\t\t\t\t<div class=\"elementor-widget-container\">\n\t\t\t\t\t<span class=\"elementor-heading-title elementor-size-default\">2.<\/span>\t\t\t\t<\/div>\n\t\t\t\t<\/div>\n\t\t\t\t<div class=\"elementor-element elementor-element-b441ede elementor-widget elementor-widget-heading\" data-id=\"b441ede\" data-element_type=\"widget\" data-widget_type=\"heading.default\">\n\t\t\t\t<div class=\"elementor-widget-container\">\n\t\t\t\t\t<h2 class=\"elementor-heading-title elementor-size-default\">Obtenez votre stream<\/h2>\t\t\t\t<\/div>\n\t\t\t\t<\/div>\n\t\t\t\t<div class=\"elementor-element elementor-element-18389d8 elementor-widget elementor-widget-text-editor\" data-id=\"18389d8\" data-element_type=\"widget\" data-widget_type=\"text-editor.default\">\n\t\t\t\t<div class=\"elementor-widget-container\">\n\t\t\t\t\t\t\t\t\t<p>L&rsquo;application est gratuite pour smartphone ou tablette, le lecteur web pour ordinateur \u00e9galement. Un lecteur hardware est \u00e9galement disponible sur demande.<\/p>\n\t\t\t\t\t\t\t\t<\/div>\n\t\t\t\t<\/div>\n\t\t\t\t<\/div>\n\t\t<div class=\"elementor-element elementor-element-eaf9e75 e-con-full e-flex e-con e-child\" data-id=\"eaf9e75\" data-element_type=\"container\">\n\t\t\t\t<div class=\"elementor-element elementor-element-b1923c0 elementor-widget elementor-widget-heading\" data-id=\"b1923c0\" data-element_type=\"widget\" data-widget_type=\"heading.default\">\n\t\t\t\t<div class=\"elementor-widget-container\">\n\t\t\t\t\t<span class=\"elementor-heading-title elementor-size-default\">3.<\/span>\t\t\t\t<\/div>\n\t\t\t\t<\/div>\n\t\t\t\t<div class=\"elementor-element elementor-element-c08fdb3 elementor-widget elementor-widget-heading\" data-id=\"c08fdb3\" data-element_type=\"widget\" data-widget_type=\"heading.default\">\n\t\t\t\t<div class=\"elementor-widget-container\">\n\t\t\t\t\t<h2 class=\"elementor-heading-title elementor-size-default\">Connectez votre syst\u00e8me audio<\/h2>\t\t\t\t<\/div>\n\t\t\t\t<\/div>\n\t\t\t\t<div class=\"elementor-element elementor-element-ca62377 elementor-widget elementor-widget-text-editor\" data-id=\"ca62377\" data-element_type=\"widget\" data-widget_type=\"text-editor.default\">\n\t\t\t\t<div class=\"elementor-widget-container\">\n\t\t\t\t\t\t\t\t\t<p>Connectez le lecteur \u00e0 votre syst\u00e8me de musique via Bluetooth, Airplay, WiFi ou par c\u00e2ble, choisissez un canal et profitez d&rsquo;une musique sans interruption.<\/p>\n\t\t\t\t\t\t\t\t<\/div>\n\t\t\t\t<\/div>\n\t\t\t\t<\/div>\n\t\t\t\t<div class=\"elementor-element elementor-element-293d99f elementor-align-center elementor-widget__width-inherit elementor-widget elementor-widget-button\" data-id=\"293d99f\" data-element_type=\"widget\" data-widget_type=\"button.default\">\n\t\t\t\t<div class=\"elementor-widget-container\">\n\t\t\t\t\t\t\t\t\t<div class=\"elementor-button-wrapper\">\n\t\t\t\t\t<a class=\"elementor-button elementor-button-link elementor-size-sm\" href=\"https:\/\/dashboard.dmd2dev.smartkmu.com\/\" target=\"_blank\" rel=\"nofollow\">\n\t\t\t\t\t\t<span class=\"elementor-button-content-wrapper\">\n\t\t\t\t\t\t\t\t\t<span class=\"elementor-button-text\">VERS L'ENREGISTREMENT DU TEST<\/span>\n\t\t\t\t\t<\/span>\n\t\t\t\t\t<\/a>\n\t\t\t\t<\/div>\n\t\t\t\t\t\t\t\t<\/div>\n\t\t\t\t<\/div>\n\t\t\t\t\t<\/div>\n\t\t\t\t<\/div>\n\t\t\t\t<\/div>\n\t\t","protected":false},"excerpt":{"rendered":"<p>Tester gratuitement Trois \u00e9tapes pour profiter de votre musique 1. D\u00e9marrez votre mois d&rsquo;essai gratuit. Vous avez acc\u00e8s \u00e0 tous les streams et vous vous faites une id\u00e9e des playlists. R\u00e9siliable \u00e0 tout moment sans frais. \u00a0 2. Obtenez votre stream L&rsquo;application est gratuite pour smartphone ou tablette, le lecteur web pour ordinateur \u00e9galement. Un [&hellip;]<\/p>\n","protected":false},"author":3,"featured_media":0,"parent":0,"menu_order":0,"comment_status":"closed","ping_status":"closed","template":"","meta":{"footnotes":""},"class_list":["post-10260","page","type-page","status-publish","hentry"],"yoast_head":"<!-- This site is optimized with the Yoast SEO plugin v25.1 - https:\/\/yoast.com\/wordpress\/plugins\/seo\/ -->\n<title>Tester gratuitement<\/title>\n<meta name=\"description\" content=\"Trois \u00e9tapes pour profiter de votre musique. Vous avez acc\u00e8s \u00e0 tous les streams et vous vous faites une id\u00e9e des playlists.\" \/>\n<meta name=\"robots\" content=\"index, follow, max-snippet:-1, max-image-preview:large, max-video-preview:-1\" \/>\n<link rel=\"canonical\" href=\"https:\/\/dmd2dev.smartkmu.com\/fr\/tester-gratuitement\/\" \/>\n<meta property=\"og:locale\" content=\"fr_FR\" \/>\n<meta property=\"og:type\" content=\"article\" \/>\n<meta property=\"og:title\" content=\"Tester gratuitement\" \/>\n<meta property=\"og:description\" content=\"Trois \u00e9tapes pour profiter de votre musique. Vous avez acc\u00e8s \u00e0 tous les streams et vous vous faites une id\u00e9e des playlists.\" \/>\n<meta property=\"og:url\" content=\"https:\/\/dmd2dev.smartkmu.com\/fr\/tester-gratuitement\/\" \/>\n<meta property=\"og:site_name\" content=\"DMD2 \u2013 Hintergrundmusik f\u00fcr Unternehmen\" \/>\n<meta property=\"article:publisher\" content=\"https:\/\/www.facebook.com\/DMD2AG\" \/>\n<meta property=\"article:modified_time\" content=\"2025-01-31T16:28:52+00:00\" \/>\n<meta property=\"og:image\" content=\"https:\/\/dmd2dev.smartkmu.com\/wp-content\/uploads\/2023\/07\/header-image_home.png\" \/>\n\t<meta property=\"og:image:width\" content=\"1920\" \/>\n\t<meta property=\"og:image:height\" content=\"1080\" \/>\n\t<meta property=\"og:image:type\" content=\"image\/png\" \/>\n<meta name=\"twitter:card\" content=\"summary_large_image\" \/>\n<meta name=\"twitter:site\" content=\"@dmd2\" \/>\n<meta name=\"twitter:label1\" content=\"Dur\u00e9e de lecture estim\u00e9e\" \/>\n\t<meta name=\"twitter:data1\" content=\"1 minute\" \/>\n<script type=\"application\/ld+json\" class=\"yoast-schema-graph\">{\"@context\":\"https:\/\/schema.org\",\"@graph\":[{\"@type\":\"WebPage\",\"@id\":\"https:\/\/dmd2dev.smartkmu.com\/fr\/tester-gratuitement\/\",\"url\":\"https:\/\/dmd2dev.smartkmu.com\/fr\/tester-gratuitement\/\",\"name\":\"Tester gratuitement\",\"isPartOf\":{\"@id\":\"https:\/\/dmd2dev.smartkmu.com\/fr\/#website\"},\"datePublished\":\"2023-06-07T12:21:13+00:00\",\"dateModified\":\"2025-01-31T16:28:52+00:00\",\"description\":\"Trois \u00e9tapes pour profiter de votre musique. Vous avez acc\u00e8s \u00e0 tous les streams et vous vous faites une id\u00e9e des playlists.\",\"breadcrumb\":{\"@id\":\"https:\/\/dmd2dev.smartkmu.com\/fr\/tester-gratuitement\/#breadcrumb\"},\"inLanguage\":\"fr-FR\",\"potentialAction\":[{\"@type\":\"ReadAction\",\"target\":[\"https:\/\/dmd2dev.smartkmu.com\/fr\/tester-gratuitement\/\"]}]},{\"@type\":\"BreadcrumbList\",\"@id\":\"https:\/\/dmd2dev.smartkmu.com\/fr\/tester-gratuitement\/#breadcrumb\",\"itemListElement\":[{\"@type\":\"ListItem\",\"position\":1,\"name\":\"Startseite\",\"item\":\"https:\/\/dmd2dev.smartkmu.com\/fr\/\"},{\"@type\":\"ListItem\",\"position\":2,\"name\":\"Tester gratuitement\"}]},{\"@type\":\"WebSite\",\"@id\":\"https:\/\/dmd2dev.smartkmu.com\/fr\/#website\",\"url\":\"https:\/\/dmd2dev.smartkmu.com\/fr\/\",\"name\":\"DMD2 - Technology & Emotion, Hintergrundmusik f\u00fcr Unternehmen\",\"description\":\"GEMA-freie und lizenzierte Musikl\u00f6sungen f\u00fcr Ihr Restaurant, Hotel, Studio, Shop, oder Filiale. Instore Audio, Playlists individuell erstellt. Jetzt gratis testen!\",\"publisher\":{\"@id\":\"https:\/\/dmd2dev.smartkmu.com\/fr\/#organization\"},\"potentialAction\":[{\"@type\":\"SearchAction\",\"target\":{\"@type\":\"EntryPoint\",\"urlTemplate\":\"https:\/\/dmd2dev.smartkmu.com\/fr\/?s={search_term_string}\"},\"query-input\":{\"@type\":\"PropertyValueSpecification\",\"valueRequired\":true,\"valueName\":\"search_term_string\"}}],\"inLanguage\":\"fr-FR\"},{\"@type\":\"Organization\",\"@id\":\"https:\/\/dmd2dev.smartkmu.com\/fr\/#organization\",\"name\":\"DMD2\",\"url\":\"https:\/\/dmd2dev.smartkmu.com\/fr\/\",\"logo\":{\"@type\":\"ImageObject\",\"inLanguage\":\"fr-FR\",\"@id\":\"https:\/\/dmd2dev.smartkmu.com\/fr\/#\/schema\/logo\/image\/\",\"url\":\"https:\/\/dmd2dev.smartkmu.com\/wp-content\/uploads\/2023\/05\/logo_technology-emotion.png\",\"contentUrl\":\"https:\/\/dmd2dev.smartkmu.com\/wp-content\/uploads\/2023\/05\/logo_technology-emotion.png\",\"width\":874,\"height\":248,\"caption\":\"DMD2\"},\"image\":{\"@id\":\"https:\/\/dmd2dev.smartkmu.com\/fr\/#\/schema\/logo\/image\/\"},\"sameAs\":[\"https:\/\/www.facebook.com\/DMD2AG\",\"https:\/\/x.com\/dmd2\",\"https:\/\/www.instagram.com\/dmd2__\",\"https:\/\/www.linkedin.com\/company\/digitalmediadistribution\/\"]}]}<\/script>\n<!-- \/ Yoast SEO plugin. -->","yoast_head_json":{"title":"Tester gratuitement","description":"Trois \u00e9tapes pour profiter de votre musique. Vous avez acc\u00e8s \u00e0 tous les streams et vous vous faites une id\u00e9e des playlists.","robots":{"index":"index","follow":"follow","max-snippet":"max-snippet:-1","max-image-preview":"max-image-preview:large","max-video-preview":"max-video-preview:-1"},"canonical":"https:\/\/dmd2dev.smartkmu.com\/fr\/tester-gratuitement\/","og_locale":"fr_FR","og_type":"article","og_title":"Tester gratuitement","og_description":"Trois \u00e9tapes pour profiter de votre musique. Vous avez acc\u00e8s \u00e0 tous les streams et vous vous faites une id\u00e9e des playlists.","og_url":"https:\/\/dmd2dev.smartkmu.com\/fr\/tester-gratuitement\/","og_site_name":"DMD2 \u2013 Hintergrundmusik f\u00fcr Unternehmen","article_publisher":"https:\/\/www.facebook.com\/DMD2AG","article_modified_time":"2025-01-31T16:28:52+00:00","og_image":[{"width":1920,"height":1080,"url":"https:\/\/dmd2dev.smartkmu.com\/wp-content\/uploads\/2023\/07\/header-image_home.png","type":"image\/png"}],"twitter_card":"summary_large_image","twitter_site":"@dmd2","twitter_misc":{"Dur\u00e9e de lecture estim\u00e9e":"1 minute"},"schema":{"@context":"https:\/\/schema.org","@graph":[{"@type":"WebPage","@id":"https:\/\/dmd2dev.smartkmu.com\/fr\/tester-gratuitement\/","url":"https:\/\/dmd2dev.smartkmu.com\/fr\/tester-gratuitement\/","name":"Tester gratuitement","isPartOf":{"@id":"https:\/\/dmd2dev.smartkmu.com\/fr\/#website"},"datePublished":"2023-06-07T12:21:13+00:00","dateModified":"2025-01-31T16:28:52+00:00","description":"Trois \u00e9tapes pour profiter de votre musique. Vous avez acc\u00e8s \u00e0 tous les streams et vous vous faites une id\u00e9e des playlists.","breadcrumb":{"@id":"https:\/\/dmd2dev.smartkmu.com\/fr\/tester-gratuitement\/#breadcrumb"},"inLanguage":"fr-FR","potentialAction":[{"@type":"ReadAction","target":["https:\/\/dmd2dev.smartkmu.com\/fr\/tester-gratuitement\/"]}]},{"@type":"BreadcrumbList","@id":"https:\/\/dmd2dev.smartkmu.com\/fr\/tester-gratuitement\/#breadcrumb","itemListElement":[{"@type":"ListItem","position":1,"name":"Startseite","item":"https:\/\/dmd2dev.smartkmu.com\/fr\/"},{"@type":"ListItem","position":2,"name":"Tester gratuitement"}]},{"@type":"WebSite","@id":"https:\/\/dmd2dev.smartkmu.com\/fr\/#website","url":"https:\/\/dmd2dev.smartkmu.com\/fr\/","name":"DMD2 - Technology & Emotion, Hintergrundmusik f\u00fcr Unternehmen","description":"GEMA-freie und lizenzierte Musikl\u00f6sungen f\u00fcr Ihr Restaurant, Hotel, Studio, Shop, oder Filiale. Instore Audio, Playlists individuell erstellt. Jetzt gratis testen!","publisher":{"@id":"https:\/\/dmd2dev.smartkmu.com\/fr\/#organization"},"potentialAction":[{"@type":"SearchAction","target":{"@type":"EntryPoint","urlTemplate":"https:\/\/dmd2dev.smartkmu.com\/fr\/?s={search_term_string}"},"query-input":{"@type":"PropertyValueSpecification","valueRequired":true,"valueName":"search_term_string"}}],"inLanguage":"fr-FR"},{"@type":"Organization","@id":"https:\/\/dmd2dev.smartkmu.com\/fr\/#organization","name":"DMD2","url":"https:\/\/dmd2dev.smartkmu.com\/fr\/","logo":{"@type":"ImageObject","inLanguage":"fr-FR","@id":"https:\/\/dmd2dev.smartkmu.com\/fr\/#\/schema\/logo\/image\/","url":"https:\/\/dmd2dev.smartkmu.com\/wp-content\/uploads\/2023\/05\/logo_technology-emotion.png","contentUrl":"https:\/\/dmd2dev.smartkmu.com\/wp-content\/uploads\/2023\/05\/logo_technology-emotion.png","width":874,"height":248,"caption":"DMD2"},"image":{"@id":"https:\/\/dmd2dev.smartkmu.com\/fr\/#\/schema\/logo\/image\/"},"sameAs":["https:\/\/www.facebook.com\/DMD2AG","https:\/\/x.com\/dmd2","https:\/\/www.instagram.com\/dmd2__","https:\/\/www.linkedin.com\/company\/digitalmediadistribution\/"]}]}},"_links":{"self":[{"href":"https:\/\/dmd2dev.smartkmu.com\/fr\/wp-json\/wp\/v2\/pages\/10260","targetHints":{"allow":["GET"]}}],"collection":[{"href":"https:\/\/dmd2dev.smartkmu.com\/fr\/wp-json\/wp\/v2\/pages"}],"about":[{"href":"https:\/\/dmd2dev.smartkmu.com\/fr\/wp-json\/wp\/v2\/types\/page"}],"author":[{"embeddable":true,"href":"https:\/\/dmd2dev.smartkmu.com\/fr\/wp-json\/wp\/v2\/users\/3"}],"replies":[{"embeddable":true,"href":"https:\/\/dmd2dev.smartkmu.com\/fr\/wp-json\/wp\/v2\/comments?post=10260"}],"version-history":[{"count":7,"href":"https:\/\/dmd2dev.smartkmu.com\/fr\/wp-json\/wp\/v2\/pages\/10260\/revisions"}],"predecessor-version":[{"id":16475,"href":"https:\/\/dmd2dev.smartkmu.com\/fr\/wp-json\/wp\/v2\/pages\/10260\/revisions\/16475"}],"wp:attachment":[{"href":"https:\/\/dmd2dev.smartkmu.com\/fr\/wp-json\/wp\/v2\/media?parent=10260"}],"curies":[{"name":"wp","href":"https:\/\/api.w.org\/{rel}","templated":true}]}}