{"id":10230,"date":"2023-06-13T13:27:50","date_gmt":"2023-06-13T11:27:50","guid":{"rendered":"https:\/\/dmd2.com\/residences-pour-personnes-agees\/"},"modified":"2025-02-03T10:17:38","modified_gmt":"2025-02-03T09:17:38","slug":"residences-pour-personnes-agees","status":"publish","type":"page","link":"https:\/\/dmd2dev.smartkmu.com\/fr\/residences-pour-personnes-agees\/","title":{"rendered":"R\u00e9sidences pour personnes \u00e2g\u00e9es"},"content":{"rendered":"<h3>Sant\u00e9<\/h3>\n<h1>R\u00e9sidences pour personnes \u00e2g\u00e9es<\/h1>\n<h2>Des playlists avec un contenu et une histoire pour des souvenirs musicaux d&rsquo;ambiance ou simplement pour se d\u00e9tendre.<\/h2>\n<p>\t\t\t\t\t\t\t\t\t\t\t\t\t\t\t<img fetchpriority=\"high\" decoding=\"async\" width=\"800\" height=\"147\" src=\"https:\/\/dmd2dev.smartkmu.com\/wp-content\/uploads\/2023\/06\/logo_altersresidenzen-02-1024x188.png\" alt=\"Bild: Logo Altersresidenzen\" srcset=\"https:\/\/dmd2dev.smartkmu.com\/wp-content\/uploads\/2023\/06\/logo_altersresidenzen-02-1024x188.png 1024w, https:\/\/dmd2dev.smartkmu.com\/wp-content\/uploads\/2023\/06\/logo_altersresidenzen-02-300x55.png 300w, https:\/\/dmd2dev.smartkmu.com\/wp-content\/uploads\/2023\/06\/logo_altersresidenzen-02-768x141.png 768w, https:\/\/dmd2dev.smartkmu.com\/wp-content\/uploads\/2023\/06\/logo_altersresidenzen-02.png 1392w\" sizes=\"(max-width: 800px) 100vw, 800px\" \/><br \/>\n\t\t\t<a href=\"#nextsection\"><br \/>\n\t\t\t<svg xmlns=\"http:\/\/www.w3.org\/2000\/svg\" id=\"noun-arrow-down-2013373\" width=\"39.44\" height=\"56.534\" viewBox=\"0 0 39.44 56.534\"><path id=\"Pfad_482\" data-name=\"Pfad 482\" d=\"M221.337,136.2h-9v42.678l-15.125-9.338-.117,10.393,19.74,12.8,19.7-12.762-.078-10.432-15.138,9.3Z\" transform=\"translate(-197.1 -136.2)\" fill=\"#867264\"><\/path><\/svg>\t\t\t<\/a><\/p>\n<h1>DMD2 Music<br \/>Top Channels pour R\u00e9sidences pour personnes \u00e2g\u00e9es<\/h1>\n<p><a href=\"https:\/\/dmd2dev.smartkmu.com\/fr\/canaux\/\">Aper\u00e7u de tous les DMD2 Music Channels<\/a><\/p>\n<h3>Voici comment \u00e7a fonctionne<br \/>\n<\/h3>\n<h1>Trois \u00e9tapes pour profiter de votre musique<\/h1>\n<p>\t\t\t\t\t1.\t\t\t\t<\/p>\n<h2>D\u00e9marrez votre mois d&rsquo;essai gratuit.<br \/>\n<\/h2>\n<p>Vous avez acc\u00e8s \u00e0 tous les streams et vous vous faites une id\u00e9e des playlists. R\u00e9siliable \u00e0 tout moment sans frais.<\/p>\n<p><a href=\"https:\/\/dmd2dev.smartkmu.com\/fr\/tester-gratuitement\/\">Inscrivez-vous ici<\/a><\/p>\n<p>\t\t\t\t\t2.\t\t\t\t<\/p>\n<h2>Obtenez votre stream<\/h2>\n<p>L&rsquo;application est gratuite pour smartphone ou tablette, le lecteur web pour ordinateur \u00e9galement. Un lecteur hardware est \u00e9galement disponible sur demande.<\/p>\n<p>\t\t\t\t\t3.\t\t\t\t<\/p>\n<h2>Connectez votre syst\u00e8me audio<\/h2>\n<p>Connectez le lecteur \u00e0 votre syst\u00e8me de musique via Bluetooth, Airplay, WiFi ou par c\u00e2ble, choisissez un canal et profitez d&rsquo;une musique sans interruption.<\/p>\n<h3>Abonnement<\/h3>\n<h1>Prix &amp; commande<\/h1>\n<h1>En compl\u00e9ment : Custom, branding et promotion<\/h1>\n<h2>Spots DMD2<\/h2>\n<h2>Annonces, spots &amp; jingles<\/h2>\n<p>Nous produisons et distribuons pour vous des annonces, des spots et des jingles individuels pour une publicit\u00e9 personnalis\u00e9e dans vos flux.<br \/>Ind\u00e9pendant de la plate-forme et combinable avec chaque flux.<\/p>\n<p>\t\t\t\t\t<a href=\"https:\/\/dmd2dev.smartkmu.com\/fr\/spots\/\"><br \/>\n\t\t\t\t\t\t\t\t\tPLATEFORME<br \/>\n\t\t\t\t\t<\/a><br \/>\n\t\t\t\t\t<a href=\"https:\/\/dmd2dev.smartkmu.com\/fr\/spots\/#wirkung\"><br \/>\n\t\t\t\t\t\t\t\t\tIMPACT<br \/>\n\t\t\t\t\t<\/a><br \/>\n\t\t\t\t\t<a href=\"https:\/\/dmd2dev.smartkmu.com\/fr\/spots\/#produktion\"><br \/>\n\t\t\t\t\t\t\t\t\tPRODUCTION<br \/>\n\t\t\t\t\t<\/a><\/p>\n<h3>R\u00c9F\u00c9RENCES<\/h3>\n<h1>Des clients satisfaits<\/h1>\n<p>\t\t\t\t\t\t\t\t\t\t\t\t\t\t\t<img decoding=\"async\" width=\"194\" height=\"133\" src=\"https:\/\/dmd2dev.smartkmu.com\/wp-content\/uploads\/2023\/06\/Schwabgut.svg\" alt=\"\" \/><br \/>\n\t\t\t\t\t\t\t\t\t\t\t\t\t\t\t<img decoding=\"async\" width=\"768\" height=\"543\" src=\"https:\/\/dmd2dev.smartkmu.com\/wp-content\/uploads\/2023\/06\/aurafides.svg\" alt=\"\" \/><\/p>\n","protected":false},"excerpt":{"rendered":"<p>Sant\u00e9 R\u00e9sidences pour personnes \u00e2g\u00e9es Des playlists avec un contenu et une histoire pour des souvenirs musicaux d&rsquo;ambiance ou simplement pour se d\u00e9tendre. DMD2 MusicTop Channels pour R\u00e9sidences pour personnes \u00e2g\u00e9es Aper\u00e7u de tous les DMD2 Music Channels Voici comment \u00e7a fonctionne Trois \u00e9tapes pour profiter de votre musique 1. D\u00e9marrez votre mois d&rsquo;essai gratuit. [&hellip;]<\/p>\n","protected":false},"author":3,"featured_media":0,"parent":0,"menu_order":0,"comment_status":"closed","ping_status":"closed","template":"","meta":{"footnotes":""},"class_list":["post-10230","page","type-page","status-publish","hentry"],"yoast_head":"<!-- This site is optimized with the Yoast SEO plugin v25.1 - https:\/\/yoast.com\/wordpress\/plugins\/seo\/ -->\n<title>Musik f\u00fcr R\u00e9sidences pour personnes \u00e2g\u00e9es - DMD2 \u2013 Hintergrundmusik f\u00fcr Unternehmen<\/title>\n<meta name=\"description\" content=\"Musique pour les r\u00e9sidences pour personnes \u00e2g\u00e9es. Diffuser de la musique de fond via notre application pour smartphone, tablette, lecteur web pour ordinateur ou lecteur mat\u00e9riel.\" \/>\n<meta name=\"robots\" content=\"index, follow, max-snippet:-1, max-image-preview:large, max-video-preview:-1\" \/>\n<link rel=\"canonical\" href=\"https:\/\/dmd2dev.smartkmu.com\/fr\/residences-pour-personnes-agees\/\" \/>\n<meta property=\"og:locale\" content=\"fr_FR\" \/>\n<meta property=\"og:type\" content=\"article\" \/>\n<meta property=\"og:title\" content=\"Musik f\u00fcr R\u00e9sidences pour personnes \u00e2g\u00e9es - DMD2 \u2013 Hintergrundmusik f\u00fcr Unternehmen\" \/>\n<meta property=\"og:description\" content=\"Musique pour les r\u00e9sidences pour personnes \u00e2g\u00e9es. Diffuser de la musique de fond via notre application pour smartphone, tablette, lecteur web pour ordinateur ou lecteur mat\u00e9riel.\" \/>\n<meta property=\"og:url\" content=\"https:\/\/dmd2dev.smartkmu.com\/fr\/residences-pour-personnes-agees\/\" \/>\n<meta property=\"og:site_name\" content=\"DMD2 \u2013 Hintergrundmusik f\u00fcr Unternehmen\" \/>\n<meta property=\"article:publisher\" content=\"https:\/\/www.facebook.com\/DMD2AG\" \/>\n<meta property=\"article:modified_time\" content=\"2025-02-03T09:17:38+00:00\" \/>\n<meta property=\"og:image\" content=\"https:\/\/dmd2dev.smartkmu.com\/wp-content\/uploads\/2023\/06\/logo_altersresidenzen-02.png\" \/>\n\t<meta property=\"og:image:width\" content=\"1392\" \/>\n\t<meta property=\"og:image:height\" content=\"255\" \/>\n\t<meta property=\"og:image:type\" content=\"image\/png\" \/>\n<meta name=\"twitter:card\" content=\"summary_large_image\" \/>\n<meta name=\"twitter:site\" content=\"@dmd2\" \/>\n<meta name=\"twitter:label1\" content=\"Dur\u00e9e de lecture estim\u00e9e\" \/>\n\t<meta name=\"twitter:data1\" content=\"8 minutes\" \/>\n<script type=\"application\/ld+json\" class=\"yoast-schema-graph\">{\"@context\":\"https:\/\/schema.org\",\"@graph\":[{\"@type\":\"WebPage\",\"@id\":\"https:\/\/dmd2dev.smartkmu.com\/fr\/residences-pour-personnes-agees\/\",\"url\":\"https:\/\/dmd2dev.smartkmu.com\/fr\/residences-pour-personnes-agees\/\",\"name\":\"Musik f\u00fcr R\u00e9sidences pour personnes \u00e2g\u00e9es - DMD2 \u2013 Hintergrundmusik f\u00fcr Unternehmen\",\"isPartOf\":{\"@id\":\"https:\/\/dmd2dev.smartkmu.com\/fr\/#website\"},\"primaryImageOfPage\":{\"@id\":\"https:\/\/dmd2dev.smartkmu.com\/fr\/residences-pour-personnes-agees\/#primaryimage\"},\"image\":{\"@id\":\"https:\/\/dmd2dev.smartkmu.com\/fr\/residences-pour-personnes-agees\/#primaryimage\"},\"thumbnailUrl\":\"https:\/\/dmd2dev.smartkmu.com\/wp-content\/uploads\/2023\/06\/logo_altersresidenzen-02-1024x188.png\",\"datePublished\":\"2023-06-13T11:27:50+00:00\",\"dateModified\":\"2025-02-03T09:17:38+00:00\",\"description\":\"Musique pour les r\u00e9sidences pour personnes \u00e2g\u00e9es. Diffuser de la musique de fond via notre application pour smartphone, tablette, lecteur web pour ordinateur ou lecteur mat\u00e9riel.\",\"breadcrumb\":{\"@id\":\"https:\/\/dmd2dev.smartkmu.com\/fr\/residences-pour-personnes-agees\/#breadcrumb\"},\"inLanguage\":\"fr-FR\",\"potentialAction\":[{\"@type\":\"ReadAction\",\"target\":[\"https:\/\/dmd2dev.smartkmu.com\/fr\/residences-pour-personnes-agees\/\"]}]},{\"@type\":\"ImageObject\",\"inLanguage\":\"fr-FR\",\"@id\":\"https:\/\/dmd2dev.smartkmu.com\/fr\/residences-pour-personnes-agees\/#primaryimage\",\"url\":\"https:\/\/dmd2dev.smartkmu.com\/wp-content\/uploads\/2023\/06\/logo_altersresidenzen-02-1024x188.png\",\"contentUrl\":\"https:\/\/dmd2dev.smartkmu.com\/wp-content\/uploads\/2023\/06\/logo_altersresidenzen-02-1024x188.png\"},{\"@type\":\"BreadcrumbList\",\"@id\":\"https:\/\/dmd2dev.smartkmu.com\/fr\/residences-pour-personnes-agees\/#breadcrumb\",\"itemListElement\":[{\"@type\":\"ListItem\",\"position\":1,\"name\":\"Startseite\",\"item\":\"https:\/\/dmd2dev.smartkmu.com\/fr\/\"},{\"@type\":\"ListItem\",\"position\":2,\"name\":\"R\u00e9sidences pour personnes \u00e2g\u00e9es\"}]},{\"@type\":\"WebSite\",\"@id\":\"https:\/\/dmd2dev.smartkmu.com\/fr\/#website\",\"url\":\"https:\/\/dmd2dev.smartkmu.com\/fr\/\",\"name\":\"DMD2 - Technology & Emotion, Hintergrundmusik f\u00fcr Unternehmen\",\"description\":\"GEMA-freie und lizenzierte Musikl\u00f6sungen f\u00fcr Ihr Restaurant, Hotel, Studio, Shop, oder Filiale. Instore Audio, Playlists individuell erstellt. Jetzt gratis testen!\",\"publisher\":{\"@id\":\"https:\/\/dmd2dev.smartkmu.com\/fr\/#organization\"},\"potentialAction\":[{\"@type\":\"SearchAction\",\"target\":{\"@type\":\"EntryPoint\",\"urlTemplate\":\"https:\/\/dmd2dev.smartkmu.com\/fr\/?s={search_term_string}\"},\"query-input\":{\"@type\":\"PropertyValueSpecification\",\"valueRequired\":true,\"valueName\":\"search_term_string\"}}],\"inLanguage\":\"fr-FR\"},{\"@type\":\"Organization\",\"@id\":\"https:\/\/dmd2dev.smartkmu.com\/fr\/#organization\",\"name\":\"DMD2\",\"url\":\"https:\/\/dmd2dev.smartkmu.com\/fr\/\",\"logo\":{\"@type\":\"ImageObject\",\"inLanguage\":\"fr-FR\",\"@id\":\"https:\/\/dmd2dev.smartkmu.com\/fr\/#\/schema\/logo\/image\/\",\"url\":\"https:\/\/dmd2dev.smartkmu.com\/wp-content\/uploads\/2023\/05\/logo_technology-emotion.png\",\"contentUrl\":\"https:\/\/dmd2dev.smartkmu.com\/wp-content\/uploads\/2023\/05\/logo_technology-emotion.png\",\"width\":874,\"height\":248,\"caption\":\"DMD2\"},\"image\":{\"@id\":\"https:\/\/dmd2dev.smartkmu.com\/fr\/#\/schema\/logo\/image\/\"},\"sameAs\":[\"https:\/\/www.facebook.com\/DMD2AG\",\"https:\/\/x.com\/dmd2\",\"https:\/\/www.instagram.com\/dmd2__\",\"https:\/\/www.linkedin.com\/company\/digitalmediadistribution\/\"]}]}<\/script>\n<!-- \/ Yoast SEO plugin. -->","yoast_head_json":{"title":"Musik f\u00fcr R\u00e9sidences pour personnes \u00e2g\u00e9es - DMD2 \u2013 Hintergrundmusik f\u00fcr Unternehmen","description":"Musique pour les r\u00e9sidences pour personnes \u00e2g\u00e9es. Diffuser de la musique de fond via notre application pour smartphone, tablette, lecteur web pour ordinateur ou lecteur mat\u00e9riel.","robots":{"index":"index","follow":"follow","max-snippet":"max-snippet:-1","max-image-preview":"max-image-preview:large","max-video-preview":"max-video-preview:-1"},"canonical":"https:\/\/dmd2dev.smartkmu.com\/fr\/residences-pour-personnes-agees\/","og_locale":"fr_FR","og_type":"article","og_title":"Musik f\u00fcr R\u00e9sidences pour personnes \u00e2g\u00e9es - DMD2 \u2013 Hintergrundmusik f\u00fcr Unternehmen","og_description":"Musique pour les r\u00e9sidences pour personnes \u00e2g\u00e9es. Diffuser de la musique de fond via notre application pour smartphone, tablette, lecteur web pour ordinateur ou lecteur mat\u00e9riel.","og_url":"https:\/\/dmd2dev.smartkmu.com\/fr\/residences-pour-personnes-agees\/","og_site_name":"DMD2 \u2013 Hintergrundmusik f\u00fcr Unternehmen","article_publisher":"https:\/\/www.facebook.com\/DMD2AG","article_modified_time":"2025-02-03T09:17:38+00:00","og_image":[{"width":1392,"height":255,"url":"https:\/\/dmd2dev.smartkmu.com\/wp-content\/uploads\/2023\/06\/logo_altersresidenzen-02.png","type":"image\/png"}],"twitter_card":"summary_large_image","twitter_site":"@dmd2","twitter_misc":{"Dur\u00e9e de lecture estim\u00e9e":"8 minutes"},"schema":{"@context":"https:\/\/schema.org","@graph":[{"@type":"WebPage","@id":"https:\/\/dmd2dev.smartkmu.com\/fr\/residences-pour-personnes-agees\/","url":"https:\/\/dmd2dev.smartkmu.com\/fr\/residences-pour-personnes-agees\/","name":"Musik f\u00fcr R\u00e9sidences pour personnes \u00e2g\u00e9es - DMD2 \u2013 Hintergrundmusik f\u00fcr Unternehmen","isPartOf":{"@id":"https:\/\/dmd2dev.smartkmu.com\/fr\/#website"},"primaryImageOfPage":{"@id":"https:\/\/dmd2dev.smartkmu.com\/fr\/residences-pour-personnes-agees\/#primaryimage"},"image":{"@id":"https:\/\/dmd2dev.smartkmu.com\/fr\/residences-pour-personnes-agees\/#primaryimage"},"thumbnailUrl":"https:\/\/dmd2dev.smartkmu.com\/wp-content\/uploads\/2023\/06\/logo_altersresidenzen-02-1024x188.png","datePublished":"2023-06-13T11:27:50+00:00","dateModified":"2025-02-03T09:17:38+00:00","description":"Musique pour les r\u00e9sidences pour personnes \u00e2g\u00e9es. Diffuser de la musique de fond via notre application pour smartphone, tablette, lecteur web pour ordinateur ou lecteur mat\u00e9riel.","breadcrumb":{"@id":"https:\/\/dmd2dev.smartkmu.com\/fr\/residences-pour-personnes-agees\/#breadcrumb"},"inLanguage":"fr-FR","potentialAction":[{"@type":"ReadAction","target":["https:\/\/dmd2dev.smartkmu.com\/fr\/residences-pour-personnes-agees\/"]}]},{"@type":"ImageObject","inLanguage":"fr-FR","@id":"https:\/\/dmd2dev.smartkmu.com\/fr\/residences-pour-personnes-agees\/#primaryimage","url":"https:\/\/dmd2dev.smartkmu.com\/wp-content\/uploads\/2023\/06\/logo_altersresidenzen-02-1024x188.png","contentUrl":"https:\/\/dmd2dev.smartkmu.com\/wp-content\/uploads\/2023\/06\/logo_altersresidenzen-02-1024x188.png"},{"@type":"BreadcrumbList","@id":"https:\/\/dmd2dev.smartkmu.com\/fr\/residences-pour-personnes-agees\/#breadcrumb","itemListElement":[{"@type":"ListItem","position":1,"name":"Startseite","item":"https:\/\/dmd2dev.smartkmu.com\/fr\/"},{"@type":"ListItem","position":2,"name":"R\u00e9sidences pour personnes \u00e2g\u00e9es"}]},{"@type":"WebSite","@id":"https:\/\/dmd2dev.smartkmu.com\/fr\/#website","url":"https:\/\/dmd2dev.smartkmu.com\/fr\/","name":"DMD2 - Technology & Emotion, Hintergrundmusik f\u00fcr Unternehmen","description":"GEMA-freie und lizenzierte Musikl\u00f6sungen f\u00fcr Ihr Restaurant, Hotel, Studio, Shop, oder Filiale. Instore Audio, Playlists individuell erstellt. Jetzt gratis testen!","publisher":{"@id":"https:\/\/dmd2dev.smartkmu.com\/fr\/#organization"},"potentialAction":[{"@type":"SearchAction","target":{"@type":"EntryPoint","urlTemplate":"https:\/\/dmd2dev.smartkmu.com\/fr\/?s={search_term_string}"},"query-input":{"@type":"PropertyValueSpecification","valueRequired":true,"valueName":"search_term_string"}}],"inLanguage":"fr-FR"},{"@type":"Organization","@id":"https:\/\/dmd2dev.smartkmu.com\/fr\/#organization","name":"DMD2","url":"https:\/\/dmd2dev.smartkmu.com\/fr\/","logo":{"@type":"ImageObject","inLanguage":"fr-FR","@id":"https:\/\/dmd2dev.smartkmu.com\/fr\/#\/schema\/logo\/image\/","url":"https:\/\/dmd2dev.smartkmu.com\/wp-content\/uploads\/2023\/05\/logo_technology-emotion.png","contentUrl":"https:\/\/dmd2dev.smartkmu.com\/wp-content\/uploads\/2023\/05\/logo_technology-emotion.png","width":874,"height":248,"caption":"DMD2"},"image":{"@id":"https:\/\/dmd2dev.smartkmu.com\/fr\/#\/schema\/logo\/image\/"},"sameAs":["https:\/\/www.facebook.com\/DMD2AG","https:\/\/x.com\/dmd2","https:\/\/www.instagram.com\/dmd2__","https:\/\/www.linkedin.com\/company\/digitalmediadistribution\/"]}]}},"_links":{"self":[{"href":"https:\/\/dmd2dev.smartkmu.com\/fr\/wp-json\/wp\/v2\/pages\/10230","targetHints":{"allow":["GET"]}}],"collection":[{"href":"https:\/\/dmd2dev.smartkmu.com\/fr\/wp-json\/wp\/v2\/pages"}],"about":[{"href":"https:\/\/dmd2dev.smartkmu.com\/fr\/wp-json\/wp\/v2\/types\/page"}],"author":[{"embeddable":true,"href":"https:\/\/dmd2dev.smartkmu.com\/fr\/wp-json\/wp\/v2\/users\/3"}],"replies":[{"embeddable":true,"href":"https:\/\/dmd2dev.smartkmu.com\/fr\/wp-json\/wp\/v2\/comments?post=10230"}],"version-history":[{"count":17,"href":"https:\/\/dmd2dev.smartkmu.com\/fr\/wp-json\/wp\/v2\/pages\/10230\/revisions"}],"predecessor-version":[{"id":16659,"href":"https:\/\/dmd2dev.smartkmu.com\/fr\/wp-json\/wp\/v2\/pages\/10230\/revisions\/16659"}],"wp:attachment":[{"href":"https:\/\/dmd2dev.smartkmu.com\/fr\/wp-json\/wp\/v2\/media?parent=10230"}],"curies":[{"name":"wp","href":"https:\/\/api.w.org\/{rel}","templated":true}]}}