{"id":12324,"date":"2023-06-16T13:08:36","date_gmt":"2023-06-16T11:08:36","guid":{"rendered":"https:\/\/dmd2.com\/preguntas\/"},"modified":"2023-11-09T16:09:21","modified_gmt":"2023-11-09T15:09:21","slug":"preguntas","status":"publish","type":"page","link":"https:\/\/dmd2dev.smartkmu.com\/es\/preguntas\/","title":{"rendered":"Preguntas"},"content":{"rendered":"\t\t<div data-elementor-type=\"wp-page\" data-elementor-id=\"12324\" class=\"elementor elementor-12324 elementor-10774\" data-elementor-post-type=\"page\">\n\t\t\t\t<div class=\"elementor-element elementor-element-bfb4ac8 e-flex e-con-boxed e-con e-parent\" data-id=\"bfb4ac8\" data-element_type=\"container\" data-settings=\"{&quot;background_background&quot;:&quot;classic&quot;}\">\n\t\t\t\t\t<div class=\"e-con-inner\">\n\t\t<div class=\"elementor-element elementor-element-029acb5 e-con-full e-flex e-con e-parent\" data-id=\"029acb5\" data-element_type=\"container\">\n\t\t<div class=\"elementor-element elementor-element-644e4f2 e-con-full e-flex e-con e-parent\" data-id=\"644e4f2\" data-element_type=\"container\" data-settings=\"{&quot;background_background&quot;:&quot;classic&quot;}\">\n\t\t\t\t<div class=\"elementor-element elementor-element-2c2be7a elementor-widget__width-inherit elementor-widget elementor-widget-heading\" data-id=\"2c2be7a\" data-element_type=\"widget\" data-widget_type=\"heading.default\">\n\t\t\t\t<div class=\"elementor-widget-container\">\n\t\t\t\t\t<h3 class=\"elementor-heading-title elementor-size-default\">Preguntas<\/h3>\t\t\t\t<\/div>\n\t\t\t\t<\/div>\n\t\t\t\t<div class=\"elementor-element elementor-element-026533b elementor-widget__width-inherit elementor-widget elementor-widget-heading\" data-id=\"026533b\" data-element_type=\"widget\" data-widget_type=\"heading.default\">\n\t\t\t\t<div class=\"elementor-widget-container\">\n\t\t\t\t\t<h1 class=\"elementor-heading-title elementor-size-default\">Preguntas frecuentes<\/h1>\t\t\t\t<\/div>\n\t\t\t\t<\/div>\n\t\t\t\t<div class=\"elementor-element elementor-element-d3a8289 elementor-widget elementor-widget-heading\" data-id=\"d3a8289\" data-element_type=\"widget\" data-widget_type=\"heading.default\">\n\t\t\t\t<div class=\"elementor-widget-container\">\n\t\t\t\t\t<h2 class=\"elementor-heading-title elementor-size-default\">Aqu\u00ed encontrar\u00e1 respuestas a las preguntas m\u00e1s frecuentes.<\/h2>\t\t\t\t<\/div>\n\t\t\t\t<\/div>\n\t\t\t\t<\/div>\n\t\t\t\t<div class=\"elementor-element elementor-element-ce113c7 elementor-widget__width-initial elementor-widget elementor-widget-image\" data-id=\"ce113c7\" data-element_type=\"widget\" data-widget_type=\"image.default\">\n\t\t\t\t<div class=\"elementor-widget-container\">\n\t\t\t\t\t\t\t\t\t\t\t\t\t\t\t<img fetchpriority=\"high\" decoding=\"async\" width=\"800\" height=\"227\" src=\"https:\/\/dmd2dev.smartkmu.com\/wp-content\/uploads\/2023\/05\/logo_technology-emotion.png\" class=\"attachment-large size-large wp-image-42\" alt=\"Bild: Logo DMD2 \u2013 technology &amp; emotion\" srcset=\"https:\/\/dmd2dev.smartkmu.com\/wp-content\/uploads\/2023\/05\/logo_technology-emotion.png 874w, https:\/\/dmd2dev.smartkmu.com\/wp-content\/uploads\/2023\/05\/logo_technology-emotion-300x85.png 300w, https:\/\/dmd2dev.smartkmu.com\/wp-content\/uploads\/2023\/05\/logo_technology-emotion-768x218.png 768w\" sizes=\"(max-width: 800px) 100vw, 800px\" \/>\t\t\t\t\t\t\t\t\t\t\t\t\t\t\t<\/div>\n\t\t\t\t<\/div>\n\t\t\t\t<\/div>\n\t\t\t\t<div class=\"elementor-element elementor-element-cb740fb elementor-widget__width-inherit elementor-view-default elementor-widget elementor-widget-icon\" data-id=\"cb740fb\" data-element_type=\"widget\" data-widget_type=\"icon.default\">\n\t\t\t\t<div class=\"elementor-widget-container\">\n\t\t\t\t\t\t\t<div class=\"elementor-icon-wrapper\">\n\t\t\t<a class=\"elementor-icon\" href=\"#nextsection\">\n\t\t\t<svg xmlns=\"http:\/\/www.w3.org\/2000\/svg\" id=\"noun-arrow-down-2013373\" width=\"39.44\" height=\"56.534\" viewBox=\"0 0 39.44 56.534\"><path id=\"Pfad_482\" data-name=\"Pfad 482\" d=\"M221.337,136.2h-9v42.678l-15.125-9.338-.117,10.393,19.74,12.8,19.7-12.762-.078-10.432-15.138,9.3Z\" transform=\"translate(-197.1 -136.2)\" fill=\"#867264\"><\/path><\/svg>\t\t\t<\/a>\n\t\t<\/div>\n\t\t\t\t\t\t<\/div>\n\t\t\t\t<\/div>\n\t\t\t\t\t<\/div>\n\t\t\t\t<\/div>\n\t\t<div class=\"elementor-element elementor-element-a679c10 e-flex e-con-boxed e-con e-parent\" data-id=\"a679c10\" data-element_type=\"container\" id=\"nextsection\" data-settings=\"{&quot;background_background&quot;:&quot;classic&quot;}\">\n\t\t\t\t\t<div class=\"e-con-inner\">\n\t\t<div class=\"elementor-element elementor-element-5da0b0c e-flex e-con-boxed e-con e-parent\" data-id=\"5da0b0c\" data-element_type=\"container\" data-settings=\"{&quot;background_background&quot;:&quot;classic&quot;}\">\n\t\t\t\t\t<div class=\"e-con-inner\">\n\t\t\t\t<div class=\"elementor-element elementor-element-60613e2 elementor-widget__width-inherit elementor-widget elementor-widget-heading\" data-id=\"60613e2\" data-element_type=\"widget\" data-widget_type=\"heading.default\">\n\t\t\t\t<div class=\"elementor-widget-container\">\n\t\t\t\t\t<h3 class=\"elementor-heading-title elementor-size-default\">Preguntas<\/h3>\t\t\t\t<\/div>\n\t\t\t\t<\/div>\n\t\t\t\t<div class=\"elementor-element elementor-element-f4b7211 elementor-widget__width-initial elementor-widget elementor-widget-heading\" data-id=\"f4b7211\" data-element_type=\"widget\" data-widget_type=\"heading.default\">\n\t\t\t\t<div class=\"elementor-widget-container\">\n\t\t\t\t\t<h1 class=\"elementor-heading-title elementor-size-default\">Sobre la nueva identidad de la marca DMD2<\/h1>\t\t\t\t<\/div>\n\t\t\t\t<\/div>\n\t\t\t\t<div class=\"elementor-element elementor-element-60bf1f5 elementor-widget elementor-widget-jet-accordion\" data-id=\"60bf1f5\" data-element_type=\"widget\" data-widget_type=\"jet-accordion.default\">\n\t\t\t\t<div class=\"elementor-widget-container\">\n\t\t\t\t\t\t\t<div class=\"jet-accordion\" data-settings=\"{&quot;collapsible&quot;:false,&quot;ajaxTemplate&quot;:false,&quot;switchScrolling&quot;:false,&quot;switchScrollingOffset&quot;:0,&quot;switchScrollingDelay&quot;:500}\">\n\t\t\t<div class=\"jet-accordion__inner\">\n\t\t\t\t<div class=\" jet-accordion__item jet-toggle jet-toggle-move-up-effect \">\n\t\t\t\t\t\t\t<div id=\"jet-toggle-control-1011\" class=\"jet-toggle__control elementor-menu-anchor\" data-toggle=\"1\" role=\"button\" tabindex=\"0\" aria-controls=\"jet-toggle-content-1011\" aria-expanded=\"false\" data-template-id=\"false\">\n\t\t\t\t\t\t\t\t<div class=\"jet-toggle__label-icon jet-toggle-icon-position-right\"><span class=\"jet-toggle__icon icon-normal jet-tabs-icon\"><i class=\"fas fa-plus\"><\/i><\/span><span class=\"jet-toggle__icon icon-active jet-tabs-icon\"><i class=\"fas fa-minus\"><\/i><\/span><\/div><div class=\"jet-toggle__label-text\">Ya estoy abonado. \u00bfDeber\u00eda hacer algo?<\/div>\t\t\t\t\t\t\t<\/div>\n\t\t\t\t\t\t\t<div id=\"jet-toggle-content-1011\" class=\"jet-toggle__content\" data-toggle=\"1\" role=\"region\" data-template-id=\"false\">\n\t\t\t\t\t\t\t\t<div class=\"jet-toggle__content-inner\"><p>Su suscripci\u00f3n o contratos permanecer\u00e1n sin cambios, su socio contractual sigue siendo Digital Media Distribution AG como antes. A partir de ahora, la comunicaci\u00f3n se realizar\u00e1 bajo la marca DMD2.<\/p>\n<\/div>\n\t\t\t\t\t\t\t<\/div>\n\t\t\t\t\t\t<\/div><div class=\" jet-accordion__item jet-toggle jet-toggle-move-up-effect \">\n\t\t\t\t\t\t\t<div id=\"jet-toggle-control-1012\" class=\"jet-toggle__control elementor-menu-anchor\" data-toggle=\"2\" role=\"button\" tabindex=\"0\" aria-controls=\"jet-toggle-content-1012\" aria-expanded=\"false\" data-template-id=\"false\">\n\t\t\t\t\t\t\t\t<div class=\"jet-toggle__label-icon jet-toggle-icon-position-right\"><span class=\"jet-toggle__icon icon-normal jet-tabs-icon\"><i class=\"fas fa-plus\"><\/i><\/span><span class=\"jet-toggle__icon icon-active jet-tabs-icon\"><i class=\"fas fa-minus\"><\/i><\/span><\/div><div class=\"jet-toggle__label-text\">Hasta ahora lo he escuchado a trav\u00e9s de smartphone\/tablet. \u00bfC\u00f3mo puedo cambiar a DMD2 Music?<\/div>\t\t\t\t\t\t\t<\/div>\n\t\t\t\t\t\t\t<div id=\"jet-toggle-content-1012\" class=\"jet-toggle__content\" data-toggle=\"2\" role=\"region\" data-template-id=\"false\">\n\t\t\t\t\t\t\t\t<div class=\"jet-toggle__content-inner\"><p>Las aplicaciones aparecer\u00e1n en su nuevo aspecto tras la actualizaci\u00f3n, con su funcionalidad anterior.<\/p>\n<\/div>\n\t\t\t\t\t\t\t<\/div>\n\t\t\t\t\t\t<\/div><div class=\" jet-accordion__item jet-toggle jet-toggle-move-up-effect \">\n\t\t\t\t\t\t\t<div id=\"jet-toggle-control-1013\" class=\"jet-toggle__control elementor-menu-anchor\" data-toggle=\"3\" role=\"button\" tabindex=\"0\" aria-controls=\"jet-toggle-content-1013\" aria-expanded=\"false\" data-template-id=\"false\">\n\t\t\t\t\t\t\t\t<div class=\"jet-toggle__label-icon jet-toggle-icon-position-right\"><span class=\"jet-toggle__icon icon-normal jet-tabs-icon\"><i class=\"fas fa-plus\"><\/i><\/span><span class=\"jet-toggle__icon icon-active jet-tabs-icon\"><i class=\"fas fa-minus\"><\/i><\/span><\/div><div class=\"jet-toggle__label-text\">\u00bfPuedo escuchar tambi\u00e9n los nuevos canales?<\/div>\t\t\t\t\t\t\t<\/div>\n\t\t\t\t\t\t\t<div id=\"jet-toggle-content-1013\" class=\"jet-toggle__content\" data-toggle=\"3\" role=\"region\" data-template-id=\"false\">\n\t\t\t\t\t\t\t\t<div class=\"jet-toggle__content-inner\"><p>Con las suscripciones Profesional y Premium Plus seguir\u00e1s teniendo acceso a todos los canales, incluidos los nuevos.<\/p>\n<\/div>\n\t\t\t\t\t\t\t<\/div>\n\t\t\t\t\t\t<\/div>\t\t\t<\/div>\n\t\t<\/div>\n\t\t\t\t\t\t<\/div>\n\t\t\t\t<\/div>\n\t\t\t\t<div class=\"elementor-element elementor-element-e979d75 elementor-widget elementor-widget-heading\" data-id=\"e979d75\" data-element_type=\"widget\" data-widget_type=\"heading.default\">\n\t\t\t\t<div class=\"elementor-widget-container\">\n\t\t\t\t\t<h1 class=\"elementor-heading-title elementor-size-default\">A la oferta musical DMD2 <\/h1>\t\t\t\t<\/div>\n\t\t\t\t<\/div>\n\t\t\t\t<div class=\"elementor-element elementor-element-f444a4c elementor-widget elementor-widget-jet-accordion\" data-id=\"f444a4c\" data-element_type=\"widget\" data-widget_type=\"jet-accordion.default\">\n\t\t\t\t<div class=\"elementor-widget-container\">\n\t\t\t\t\t\t\t<div class=\"jet-accordion\" data-settings=\"{&quot;collapsible&quot;:false,&quot;ajaxTemplate&quot;:false,&quot;switchScrolling&quot;:false,&quot;switchScrollingOffset&quot;:0,&quot;switchScrollingDelay&quot;:500}\">\n\t\t\t<div class=\"jet-accordion__inner\">\n\t\t\t\t<div class=\" jet-accordion__item jet-toggle jet-toggle-move-up-effect \">\n\t\t\t\t\t\t\t<div id=\"jet-toggle-control-2561\" class=\"jet-toggle__control elementor-menu-anchor\" data-toggle=\"1\" role=\"button\" tabindex=\"0\" aria-controls=\"jet-toggle-content-2561\" aria-expanded=\"false\" data-template-id=\"false\">\n\t\t\t\t\t\t\t\t<div class=\"jet-toggle__label-icon jet-toggle-icon-position-right\"><span class=\"jet-toggle__icon icon-normal jet-tabs-icon\"><i class=\"fas fa-plus\"><\/i><\/span><span class=\"jet-toggle__icon icon-active jet-tabs-icon\"><i class=\"fas fa-minus\"><\/i><\/span><\/div><div class=\"jet-toggle__label-text\">Posso ascoltare anche i nuovi canali?<\/div>\t\t\t\t\t\t\t<\/div>\n\t\t\t\t\t\t\t<div id=\"jet-toggle-content-2561\" class=\"jet-toggle__content\" data-toggle=\"1\" role=\"region\" data-template-id=\"false\">\n\t\t\t\t\t\t\t\t<div class=\"jet-toggle__content-inner\"><p>Con las suscripciones Profesional y Premium Plus sigues teniendo acceso a todos los canales, incluidos los nuevos. <\/p>\n<\/div>\n\t\t\t\t\t\t\t<\/div>\n\t\t\t\t\t\t<\/div>\t\t\t<\/div>\n\t\t<\/div>\n\t\t\t\t\t\t<\/div>\n\t\t\t\t<\/div>\n\t\t\t\t<div class=\"elementor-element elementor-element-f95c6b4 elementor-widget elementor-widget-heading\" data-id=\"f95c6b4\" data-element_type=\"widget\" data-widget_type=\"heading.default\">\n\t\t\t\t<div class=\"elementor-widget-container\">\n\t\t\t\t\t<h1 class=\"elementor-heading-title elementor-size-default\">A la oferta de DMD2 Spots <\/h1>\t\t\t\t<\/div>\n\t\t\t\t<\/div>\n\t\t\t\t<div class=\"elementor-element elementor-element-c4f33fb elementor-widget elementor-widget-jet-accordion\" data-id=\"c4f33fb\" data-element_type=\"widget\" data-widget_type=\"jet-accordion.default\">\n\t\t\t\t<div class=\"elementor-widget-container\">\n\t\t\t\t\t\t\t<div class=\"jet-accordion\" data-settings=\"{&quot;collapsible&quot;:false,&quot;ajaxTemplate&quot;:false,&quot;switchScrolling&quot;:false,&quot;switchScrollingOffset&quot;:0,&quot;switchScrollingDelay&quot;:500}\">\n\t\t\t<div class=\"jet-accordion__inner\">\n\t\t\t\t<div class=\" jet-accordion__item jet-toggle jet-toggle-move-up-effect \">\n\t\t\t\t\t\t\t<div id=\"jet-toggle-control-2061\" class=\"jet-toggle__control elementor-menu-anchor\" data-toggle=\"1\" role=\"button\" tabindex=\"0\" aria-controls=\"jet-toggle-content-2061\" aria-expanded=\"false\" data-template-id=\"false\">\n\t\t\t\t\t\t\t\t<div class=\"jet-toggle__label-icon jet-toggle-icon-position-right\"><span class=\"jet-toggle__icon icon-normal jet-tabs-icon\"><i class=\"fas fa-plus\"><\/i><\/span><span class=\"jet-toggle__icon icon-active jet-tabs-icon\"><i class=\"fas fa-minus\"><\/i><\/span><\/div><div class=\"jet-toggle__label-text\">Ahora me gustar\u00eda utilizar anuncios personalizados. \u00bfQu\u00e9 debo hacer?<\/div>\t\t\t\t\t\t\t<\/div>\n\t\t\t\t\t\t\t<div id=\"jet-toggle-content-2061\" class=\"jet-toggle__content\" data-toggle=\"1\" role=\"region\" data-template-id=\"false\">\n\t\t\t\t\t\t\t\t<div class=\"jet-toggle__content-inner\"><p>P\u00f3ngase en <a href=\"https:\/\/dmd2dev.smartkmu.com\/es\/contacto\/\">contacto<\/a> con nosotros para que podamos satisfacer sus necesidades de la mejor manera posible.<\/p>\n<\/div>\n\t\t\t\t\t\t\t<\/div>\n\t\t\t\t\t\t<\/div>\t\t\t<\/div>\n\t\t<\/div>\n\t\t\t\t\t\t<\/div>\n\t\t\t\t<\/div>\n\t\t\t\t\t<\/div>\n\t\t\t\t<\/div>\n\t\t\t\t\t<\/div>\n\t\t\t\t<\/div>\n\t\t<div class=\"elementor-element elementor-element-5f9a297 e-flex e-con-boxed e-con e-parent\" data-id=\"5f9a297\" data-element_type=\"container\">\n\t\t\t\t\t<div class=\"e-con-inner\">\n\t\t\t\t<div class=\"elementor-element elementor-element-14ac645 elementor-widget-divider--view-line elementor-widget elementor-widget-divider\" data-id=\"14ac645\" data-element_type=\"widget\" data-widget_type=\"divider.default\">\n\t\t\t\t<div class=\"elementor-widget-container\">\n\t\t\t\t\t\t\t<div class=\"elementor-divider\">\n\t\t\t<span class=\"elementor-divider-separator\">\n\t\t\t\t\t\t<\/span>\n\t\t<\/div>\n\t\t\t\t\t\t<\/div>\n\t\t\t\t<\/div>\n\t\t\t\t\t<\/div>\n\t\t\t\t<\/div>\n\t\t\t\t<\/div>\n\t\t","protected":false},"excerpt":{"rendered":"<p>Preguntas Preguntas frecuentes Aqu\u00ed encontrar\u00e1 respuestas a las preguntas m\u00e1s frecuentes. Preguntas Sobre la nueva identidad de la marca DMD2 Ya estoy abonado. \u00bfDeber\u00eda hacer algo? Su suscripci\u00f3n o contratos permanecer\u00e1n sin cambios, su socio contractual sigue siendo Digital Media Distribution AG como antes. A partir de ahora, la comunicaci\u00f3n se realizar\u00e1 bajo la marca [&hellip;]<\/p>\n","protected":false},"author":6,"featured_media":0,"parent":0,"menu_order":0,"comment_status":"closed","ping_status":"closed","template":"","meta":{"footnotes":""},"class_list":["post-12324","page","type-page","status-publish","hentry"],"yoast_head":"<!-- This site is optimized with the Yoast SEO plugin v25.1 - https:\/\/yoast.com\/wordpress\/plugins\/seo\/ -->\n<title>Preguntas<\/title>\n<meta name=\"description\" content=\"Preguntas %\" \/>\n<meta name=\"robots\" content=\"index, follow, max-snippet:-1, max-image-preview:large, max-video-preview:-1\" \/>\n<link rel=\"canonical\" href=\"https:\/\/dmd2dev.smartkmu.com\/es\/preguntas\/\" \/>\n<meta property=\"og:locale\" content=\"es_ES\" \/>\n<meta property=\"og:type\" content=\"article\" \/>\n<meta property=\"og:title\" content=\"Preguntas\" \/>\n<meta property=\"og:description\" content=\"Preguntas %\" \/>\n<meta property=\"og:url\" content=\"https:\/\/dmd2dev.smartkmu.com\/es\/preguntas\/\" \/>\n<meta property=\"og:site_name\" content=\"DMD2 \u2013 Hintergrundmusik f\u00fcr Unternehmen\" \/>\n<meta property=\"article:publisher\" content=\"https:\/\/www.facebook.com\/DMD2AG\" \/>\n<meta property=\"article:modified_time\" content=\"2023-11-09T15:09:21+00:00\" \/>\n<meta property=\"og:image\" content=\"https:\/\/dmd2dev.smartkmu.com\/wp-content\/uploads\/2023\/05\/logo_technology-emotion.png\" \/>\n<meta name=\"twitter:card\" content=\"summary_large_image\" \/>\n<meta name=\"twitter:site\" content=\"@dmd2\" \/>\n<meta name=\"twitter:label1\" content=\"Tiempo de lectura\" \/>\n\t<meta name=\"twitter:data1\" content=\"1 minuto\" \/>\n<script type=\"application\/ld+json\" class=\"yoast-schema-graph\">{\"@context\":\"https:\/\/schema.org\",\"@graph\":[{\"@type\":\"WebPage\",\"@id\":\"https:\/\/dmd2dev.smartkmu.com\/es\/preguntas\/\",\"url\":\"https:\/\/dmd2dev.smartkmu.com\/es\/preguntas\/\",\"name\":\"Preguntas\",\"isPartOf\":{\"@id\":\"https:\/\/dmd2dev.smartkmu.com\/es\/#website\"},\"primaryImageOfPage\":{\"@id\":\"https:\/\/dmd2dev.smartkmu.com\/es\/preguntas\/#primaryimage\"},\"image\":{\"@id\":\"https:\/\/dmd2dev.smartkmu.com\/es\/preguntas\/#primaryimage\"},\"thumbnailUrl\":\"https:\/\/dmd2dev.smartkmu.com\/wp-content\/uploads\/2023\/05\/logo_technology-emotion.png\",\"datePublished\":\"2023-06-16T11:08:36+00:00\",\"dateModified\":\"2023-11-09T15:09:21+00:00\",\"description\":\"Preguntas %\",\"breadcrumb\":{\"@id\":\"https:\/\/dmd2dev.smartkmu.com\/es\/preguntas\/#breadcrumb\"},\"inLanguage\":\"es\",\"potentialAction\":[{\"@type\":\"ReadAction\",\"target\":[\"https:\/\/dmd2dev.smartkmu.com\/es\/preguntas\/\"]}]},{\"@type\":\"ImageObject\",\"inLanguage\":\"es\",\"@id\":\"https:\/\/dmd2dev.smartkmu.com\/es\/preguntas\/#primaryimage\",\"url\":\"https:\/\/dmd2dev.smartkmu.com\/wp-content\/uploads\/2023\/05\/logo_technology-emotion.png\",\"contentUrl\":\"https:\/\/dmd2dev.smartkmu.com\/wp-content\/uploads\/2023\/05\/logo_technology-emotion.png\"},{\"@type\":\"BreadcrumbList\",\"@id\":\"https:\/\/dmd2dev.smartkmu.com\/es\/preguntas\/#breadcrumb\",\"itemListElement\":[{\"@type\":\"ListItem\",\"position\":1,\"name\":\"Startseite\",\"item\":\"https:\/\/dmd2dev.smartkmu.com\/es\/\"},{\"@type\":\"ListItem\",\"position\":2,\"name\":\"Preguntas\"}]},{\"@type\":\"WebSite\",\"@id\":\"https:\/\/dmd2dev.smartkmu.com\/es\/#website\",\"url\":\"https:\/\/dmd2dev.smartkmu.com\/es\/\",\"name\":\"DMD2 - Technology & Emotion, Hintergrundmusik f\u00fcr Unternehmen\",\"description\":\"GEMA-freie und lizenzierte Musikl\u00f6sungen f\u00fcr Ihr Restaurant, Hotel, Studio, Shop, oder Filiale. Instore Audio, Playlists individuell erstellt. Jetzt gratis testen!\",\"publisher\":{\"@id\":\"https:\/\/dmd2dev.smartkmu.com\/es\/#organization\"},\"potentialAction\":[{\"@type\":\"SearchAction\",\"target\":{\"@type\":\"EntryPoint\",\"urlTemplate\":\"https:\/\/dmd2dev.smartkmu.com\/es\/?s={search_term_string}\"},\"query-input\":{\"@type\":\"PropertyValueSpecification\",\"valueRequired\":true,\"valueName\":\"search_term_string\"}}],\"inLanguage\":\"es\"},{\"@type\":\"Organization\",\"@id\":\"https:\/\/dmd2dev.smartkmu.com\/es\/#organization\",\"name\":\"DMD2\",\"url\":\"https:\/\/dmd2dev.smartkmu.com\/es\/\",\"logo\":{\"@type\":\"ImageObject\",\"inLanguage\":\"es\",\"@id\":\"https:\/\/dmd2dev.smartkmu.com\/es\/#\/schema\/logo\/image\/\",\"url\":\"https:\/\/dmd2dev.smartkmu.com\/wp-content\/uploads\/2023\/05\/logo_technology-emotion.png\",\"contentUrl\":\"https:\/\/dmd2dev.smartkmu.com\/wp-content\/uploads\/2023\/05\/logo_technology-emotion.png\",\"width\":874,\"height\":248,\"caption\":\"DMD2\"},\"image\":{\"@id\":\"https:\/\/dmd2dev.smartkmu.com\/es\/#\/schema\/logo\/image\/\"},\"sameAs\":[\"https:\/\/www.facebook.com\/DMD2AG\",\"https:\/\/x.com\/dmd2\",\"https:\/\/www.instagram.com\/dmd2__\",\"https:\/\/www.linkedin.com\/company\/digitalmediadistribution\/\"]}]}<\/script>\n<!-- \/ Yoast SEO plugin. -->","yoast_head_json":{"title":"Preguntas","description":"Preguntas %","robots":{"index":"index","follow":"follow","max-snippet":"max-snippet:-1","max-image-preview":"max-image-preview:large","max-video-preview":"max-video-preview:-1"},"canonical":"https:\/\/dmd2dev.smartkmu.com\/es\/preguntas\/","og_locale":"es_ES","og_type":"article","og_title":"Preguntas","og_description":"Preguntas %","og_url":"https:\/\/dmd2dev.smartkmu.com\/es\/preguntas\/","og_site_name":"DMD2 \u2013 Hintergrundmusik f\u00fcr Unternehmen","article_publisher":"https:\/\/www.facebook.com\/DMD2AG","article_modified_time":"2023-11-09T15:09:21+00:00","og_image":[{"url":"https:\/\/dmd2dev.smartkmu.com\/wp-content\/uploads\/2023\/05\/logo_technology-emotion.png","type":"","width":"","height":""}],"twitter_card":"summary_large_image","twitter_site":"@dmd2","twitter_misc":{"Tiempo de lectura":"1 minuto"},"schema":{"@context":"https:\/\/schema.org","@graph":[{"@type":"WebPage","@id":"https:\/\/dmd2dev.smartkmu.com\/es\/preguntas\/","url":"https:\/\/dmd2dev.smartkmu.com\/es\/preguntas\/","name":"Preguntas","isPartOf":{"@id":"https:\/\/dmd2dev.smartkmu.com\/es\/#website"},"primaryImageOfPage":{"@id":"https:\/\/dmd2dev.smartkmu.com\/es\/preguntas\/#primaryimage"},"image":{"@id":"https:\/\/dmd2dev.smartkmu.com\/es\/preguntas\/#primaryimage"},"thumbnailUrl":"https:\/\/dmd2dev.smartkmu.com\/wp-content\/uploads\/2023\/05\/logo_technology-emotion.png","datePublished":"2023-06-16T11:08:36+00:00","dateModified":"2023-11-09T15:09:21+00:00","description":"Preguntas %","breadcrumb":{"@id":"https:\/\/dmd2dev.smartkmu.com\/es\/preguntas\/#breadcrumb"},"inLanguage":"es","potentialAction":[{"@type":"ReadAction","target":["https:\/\/dmd2dev.smartkmu.com\/es\/preguntas\/"]}]},{"@type":"ImageObject","inLanguage":"es","@id":"https:\/\/dmd2dev.smartkmu.com\/es\/preguntas\/#primaryimage","url":"https:\/\/dmd2dev.smartkmu.com\/wp-content\/uploads\/2023\/05\/logo_technology-emotion.png","contentUrl":"https:\/\/dmd2dev.smartkmu.com\/wp-content\/uploads\/2023\/05\/logo_technology-emotion.png"},{"@type":"BreadcrumbList","@id":"https:\/\/dmd2dev.smartkmu.com\/es\/preguntas\/#breadcrumb","itemListElement":[{"@type":"ListItem","position":1,"name":"Startseite","item":"https:\/\/dmd2dev.smartkmu.com\/es\/"},{"@type":"ListItem","position":2,"name":"Preguntas"}]},{"@type":"WebSite","@id":"https:\/\/dmd2dev.smartkmu.com\/es\/#website","url":"https:\/\/dmd2dev.smartkmu.com\/es\/","name":"DMD2 - Technology & Emotion, Hintergrundmusik f\u00fcr Unternehmen","description":"GEMA-freie und lizenzierte Musikl\u00f6sungen f\u00fcr Ihr Restaurant, Hotel, Studio, Shop, oder Filiale. Instore Audio, Playlists individuell erstellt. Jetzt gratis testen!","publisher":{"@id":"https:\/\/dmd2dev.smartkmu.com\/es\/#organization"},"potentialAction":[{"@type":"SearchAction","target":{"@type":"EntryPoint","urlTemplate":"https:\/\/dmd2dev.smartkmu.com\/es\/?s={search_term_string}"},"query-input":{"@type":"PropertyValueSpecification","valueRequired":true,"valueName":"search_term_string"}}],"inLanguage":"es"},{"@type":"Organization","@id":"https:\/\/dmd2dev.smartkmu.com\/es\/#organization","name":"DMD2","url":"https:\/\/dmd2dev.smartkmu.com\/es\/","logo":{"@type":"ImageObject","inLanguage":"es","@id":"https:\/\/dmd2dev.smartkmu.com\/es\/#\/schema\/logo\/image\/","url":"https:\/\/dmd2dev.smartkmu.com\/wp-content\/uploads\/2023\/05\/logo_technology-emotion.png","contentUrl":"https:\/\/dmd2dev.smartkmu.com\/wp-content\/uploads\/2023\/05\/logo_technology-emotion.png","width":874,"height":248,"caption":"DMD2"},"image":{"@id":"https:\/\/dmd2dev.smartkmu.com\/es\/#\/schema\/logo\/image\/"},"sameAs":["https:\/\/www.facebook.com\/DMD2AG","https:\/\/x.com\/dmd2","https:\/\/www.instagram.com\/dmd2__","https:\/\/www.linkedin.com\/company\/digitalmediadistribution\/"]}]}},"_links":{"self":[{"href":"https:\/\/dmd2dev.smartkmu.com\/es\/wp-json\/wp\/v2\/pages\/12324","targetHints":{"allow":["GET"]}}],"collection":[{"href":"https:\/\/dmd2dev.smartkmu.com\/es\/wp-json\/wp\/v2\/pages"}],"about":[{"href":"https:\/\/dmd2dev.smartkmu.com\/es\/wp-json\/wp\/v2\/types\/page"}],"author":[{"embeddable":true,"href":"https:\/\/dmd2dev.smartkmu.com\/es\/wp-json\/wp\/v2\/users\/6"}],"replies":[{"embeddable":true,"href":"https:\/\/dmd2dev.smartkmu.com\/es\/wp-json\/wp\/v2\/comments?post=12324"}],"version-history":[{"count":1,"href":"https:\/\/dmd2dev.smartkmu.com\/es\/wp-json\/wp\/v2\/pages\/12324\/revisions"}],"predecessor-version":[{"id":12325,"href":"https:\/\/dmd2dev.smartkmu.com\/es\/wp-json\/wp\/v2\/pages\/12324\/revisions\/12325"}],"wp:attachment":[{"href":"https:\/\/dmd2dev.smartkmu.com\/es\/wp-json\/wp\/v2\/media?parent=12324"}],"curies":[{"name":"wp","href":"https:\/\/api.w.org\/{rel}","templated":true}]}}