{"id":11925,"date":"2023-06-13T13:27:50","date_gmt":"2023-06-13T11:27:50","guid":{"rendered":"https:\/\/dmd2.com\/residencias-de-mayores\/"},"modified":"2025-02-03T15:01:05","modified_gmt":"2025-02-03T14:01:05","slug":"residencias-de-mayores","status":"publish","type":"page","link":"https:\/\/dmd2dev.smartkmu.com\/es\/residencias-de-mayores\/","title":{"rendered":"Residencias de mayores"},"content":{"rendered":"<h3>Health<\/h3>\n<h1>Residencias de mayores<\/h1>\n<h2>Listas de reproducci\u00f3n con contenido e historia para evocar recuerdos musicales o simplemente relajarse.<\/h2>\n<p>\t\t\t\t\t\t\t\t\t\t\t\t\t\t\t<img fetchpriority=\"high\" decoding=\"async\" width=\"800\" height=\"147\" src=\"https:\/\/dmd2dev.smartkmu.com\/wp-content\/uploads\/2023\/06\/logo_altersresidenzen-02-1024x188.png\" alt=\"Bild: Logo Altersresidenzen\" srcset=\"https:\/\/dmd2dev.smartkmu.com\/wp-content\/uploads\/2023\/06\/logo_altersresidenzen-02-1024x188.png 1024w, https:\/\/dmd2dev.smartkmu.com\/wp-content\/uploads\/2023\/06\/logo_altersresidenzen-02-300x55.png 300w, https:\/\/dmd2dev.smartkmu.com\/wp-content\/uploads\/2023\/06\/logo_altersresidenzen-02-768x141.png 768w, https:\/\/dmd2dev.smartkmu.com\/wp-content\/uploads\/2023\/06\/logo_altersresidenzen-02.png 1392w\" sizes=\"(max-width: 800px) 100vw, 800px\" \/><br \/>\n\t\t\t<a href=\"#nextsection\"><br \/>\n\t\t\t<svg xmlns=\"http:\/\/www.w3.org\/2000\/svg\" id=\"noun-arrow-down-2013373\" width=\"39.44\" height=\"56.534\" viewBox=\"0 0 39.44 56.534\"><path id=\"Pfad_482\" data-name=\"Pfad 482\" d=\"M221.337,136.2h-9v42.678l-15.125-9.338-.117,10.393,19.74,12.8,19.7-12.762-.078-10.432-15.138,9.3Z\" transform=\"translate(-197.1 -136.2)\" fill=\"#867264\"><\/path><\/svg>\t\t\t<\/a><\/p>\n<h1>DMD2 Music<br \/>Canales principales para residencias de mayores<\/h1>\n<p><a href=\"https:\/\/dmd2dev.smartkmu.com\/es\/canales\/\">Vista general de todos los canales de m\u00fasica del DMD2<\/a><\/p>\n<h3>C\u00f3mo funciona<br \/>\n<\/h3>\n<h1>Tres pasos para disfrutar de la m\u00fasica<\/h1>\n<p>\t\t\t\t\t1.\t\t\t\t<\/p>\n<h2>Comience su mes de prueba gratuito<br \/>\n<\/h2>\n<p>Tendr\u00e1s acceso a todos los streams y podr\u00e1s ver las listas de reproducci\u00f3n. Puede cancelarse en cualquier momento sin incurrir en gastos.<\/p>\n<p><a href=\"https:\/\/dmd2dev.smartkmu.com\/es\/prueba-gratuita\/\">Reg\u00edstrese aqu\u00ed.<\/a><\/p>\n<p>\t\t\t\t\t2.\t\t\t\t<\/p>\n<h2>Obtenga su flujo<\/h2>\n<p>La aplicaci\u00f3n es gratuita para tel\u00e9fonos y tabletas, al igual que el reproductor web para ordenadores. Tambi\u00e9n se puede solicitar un reproductor de hardware.<\/p>\n<p>\t\t\t\t\t3.\t\t\t\t<\/p>\n<h2>Conecte su sistema de sonido<\/h2>\n<p>Conecta el reproductor a tu sistema de reproducci\u00f3n mediante Bluetooth, Airplay, WiFi o cable, selecciona un canal y disfruta de la m\u00fasica sin interrupciones.<\/p>\n<h3>Suscripci\u00f3n<\/h3>\n<h1>Precios y pedidos<\/h1>\n<h1>Complementario: Personalizaci\u00f3n, marca y promoci\u00f3n<\/h1>\n<h2>DMD2 Spots<\/h2>\n<h2>Anuncios, spots y jingles<\/h2>\n<p>Producimos y distribuimos anuncios individuales, spots y jingles para una publicidad personalizada en sus flujos.<br \/>Independiente de la plataforma y combinable con cualquier flujo.<\/p>\n<p>\t\t\t\t\t<a href=\"https:\/\/dmd2dev.smartkmu.com\/es\/spots\/\"><br \/>\n\t\t\t\t\t\t\t\t\tPlataforma<br \/>\n\t\t\t\t\t<\/a><br \/>\n\t\t\t\t\t<a href=\"https:\/\/dmd2dev.smartkmu.com\/es\/spots\/#wirkung\"><br \/>\n\t\t\t\t\t\t\t\t\tEfecto<br \/>\n\t\t\t\t\t<\/a><br \/>\n\t\t\t\t\t<a href=\"https:\/\/dmd2dev.smartkmu.com\/es\/spots\/#produktion\"><br \/>\n\t\t\t\t\t\t\t\t\tProducci\u00f3n<br \/>\n\t\t\t\t\t<\/a><\/p>\n<h3>Referencias<\/h3>\n<h1>Numerosos clientes satisfechos<\/h1>\n<p>\t\t\t\t\t\t\t\t\t\t\t\t\t\t\t<img decoding=\"async\" width=\"194\" height=\"133\" src=\"https:\/\/dmd2dev.smartkmu.com\/wp-content\/uploads\/2023\/06\/Schwabgut.svg\" alt=\"\" \/><br \/>\n\t\t\t\t\t\t\t\t\t\t\t\t\t\t\t<img decoding=\"async\" width=\"768\" height=\"543\" src=\"https:\/\/dmd2dev.smartkmu.com\/wp-content\/uploads\/2023\/06\/aurafides.svg\" alt=\"\" \/><\/p>\n","protected":false},"excerpt":{"rendered":"<p>Health Residencias de mayores Listas de reproducci\u00f3n con contenido e historia para evocar recuerdos musicales o simplemente relajarse. DMD2 MusicCanales principales para residencias de mayores Vista general de todos los canales de m\u00fasica del DMD2 C\u00f3mo funciona Tres pasos para disfrutar de la m\u00fasica 1. Comience su mes de prueba gratuito Tendr\u00e1s acceso a todos [&hellip;]<\/p>\n","protected":false},"author":3,"featured_media":0,"parent":0,"menu_order":0,"comment_status":"closed","ping_status":"closed","template":"","meta":{"footnotes":""},"class_list":["post-11925","page","type-page","status-publish","hentry"],"yoast_head":"<!-- This site is optimized with the Yoast SEO plugin v25.1 - https:\/\/yoast.com\/wordpress\/plugins\/seo\/ -->\n<title>M\u00fasica para Residencias de mayores - DMD2 \u2013 Hintergrundmusik f\u00fcr Unternehmen<\/title>\n<meta name=\"description\" content=\"M\u00fasica para residencias de mayores. Transmite m\u00fasica de fondo a trav\u00e9s de una aplicaci\u00f3n para smartphone, tableta, reproductor web para ordenador o reproductor de hardware.\" \/>\n<meta name=\"robots\" content=\"index, follow, max-snippet:-1, max-image-preview:large, max-video-preview:-1\" \/>\n<link rel=\"canonical\" href=\"https:\/\/dmd2dev.smartkmu.com\/es\/residencias-de-mayores\/\" \/>\n<meta property=\"og:locale\" content=\"es_ES\" \/>\n<meta property=\"og:type\" content=\"article\" \/>\n<meta property=\"og:title\" content=\"M\u00fasica para Residencias de mayores - DMD2 \u2013 Hintergrundmusik f\u00fcr Unternehmen\" \/>\n<meta property=\"og:description\" content=\"M\u00fasica para residencias de mayores. Transmite m\u00fasica de fondo a trav\u00e9s de una aplicaci\u00f3n para smartphone, tableta, reproductor web para ordenador o reproductor de hardware.\" \/>\n<meta property=\"og:url\" content=\"https:\/\/dmd2dev.smartkmu.com\/es\/residencias-de-mayores\/\" \/>\n<meta property=\"og:site_name\" content=\"DMD2 \u2013 Hintergrundmusik f\u00fcr Unternehmen\" \/>\n<meta property=\"article:publisher\" content=\"https:\/\/www.facebook.com\/DMD2AG\" \/>\n<meta property=\"article:modified_time\" content=\"2025-02-03T14:01:05+00:00\" \/>\n<meta property=\"og:image\" content=\"https:\/\/dmd2dev.smartkmu.com\/wp-content\/uploads\/2023\/06\/logo_altersresidenzen-02.png\" \/>\n\t<meta property=\"og:image:width\" content=\"1392\" \/>\n\t<meta property=\"og:image:height\" content=\"255\" \/>\n\t<meta property=\"og:image:type\" content=\"image\/png\" \/>\n<meta name=\"twitter:card\" content=\"summary_large_image\" \/>\n<meta name=\"twitter:site\" content=\"@dmd2\" \/>\n<meta name=\"twitter:label1\" content=\"Tiempo de lectura\" \/>\n\t<meta name=\"twitter:data1\" content=\"7 minutos\" \/>\n<script type=\"application\/ld+json\" class=\"yoast-schema-graph\">{\"@context\":\"https:\/\/schema.org\",\"@graph\":[{\"@type\":\"WebPage\",\"@id\":\"https:\/\/dmd2dev.smartkmu.com\/es\/residencias-de-mayores\/\",\"url\":\"https:\/\/dmd2dev.smartkmu.com\/es\/residencias-de-mayores\/\",\"name\":\"M\u00fasica para Residencias de mayores - DMD2 \u2013 Hintergrundmusik f\u00fcr Unternehmen\",\"isPartOf\":{\"@id\":\"https:\/\/dmd2dev.smartkmu.com\/es\/#website\"},\"primaryImageOfPage\":{\"@id\":\"https:\/\/dmd2dev.smartkmu.com\/es\/residencias-de-mayores\/#primaryimage\"},\"image\":{\"@id\":\"https:\/\/dmd2dev.smartkmu.com\/es\/residencias-de-mayores\/#primaryimage\"},\"thumbnailUrl\":\"https:\/\/dmd2dev.smartkmu.com\/wp-content\/uploads\/2023\/06\/logo_altersresidenzen-02-1024x188.png\",\"datePublished\":\"2023-06-13T11:27:50+00:00\",\"dateModified\":\"2025-02-03T14:01:05+00:00\",\"description\":\"M\u00fasica para residencias de mayores. Transmite m\u00fasica de fondo a trav\u00e9s de una aplicaci\u00f3n para smartphone, tableta, reproductor web para ordenador o reproductor de hardware.\",\"breadcrumb\":{\"@id\":\"https:\/\/dmd2dev.smartkmu.com\/es\/residencias-de-mayores\/#breadcrumb\"},\"inLanguage\":\"es\",\"potentialAction\":[{\"@type\":\"ReadAction\",\"target\":[\"https:\/\/dmd2dev.smartkmu.com\/es\/residencias-de-mayores\/\"]}]},{\"@type\":\"ImageObject\",\"inLanguage\":\"es\",\"@id\":\"https:\/\/dmd2dev.smartkmu.com\/es\/residencias-de-mayores\/#primaryimage\",\"url\":\"https:\/\/dmd2dev.smartkmu.com\/wp-content\/uploads\/2023\/06\/logo_altersresidenzen-02-1024x188.png\",\"contentUrl\":\"https:\/\/dmd2dev.smartkmu.com\/wp-content\/uploads\/2023\/06\/logo_altersresidenzen-02-1024x188.png\"},{\"@type\":\"BreadcrumbList\",\"@id\":\"https:\/\/dmd2dev.smartkmu.com\/es\/residencias-de-mayores\/#breadcrumb\",\"itemListElement\":[{\"@type\":\"ListItem\",\"position\":1,\"name\":\"Startseite\",\"item\":\"https:\/\/dmd2dev.smartkmu.com\/es\/\"},{\"@type\":\"ListItem\",\"position\":2,\"name\":\"Residencias de mayores\"}]},{\"@type\":\"WebSite\",\"@id\":\"https:\/\/dmd2dev.smartkmu.com\/es\/#website\",\"url\":\"https:\/\/dmd2dev.smartkmu.com\/es\/\",\"name\":\"DMD2 - Technology & Emotion, Hintergrundmusik f\u00fcr Unternehmen\",\"description\":\"GEMA-freie und lizenzierte Musikl\u00f6sungen f\u00fcr Ihr Restaurant, Hotel, Studio, Shop, oder Filiale. Instore Audio, Playlists individuell erstellt. Jetzt gratis testen!\",\"publisher\":{\"@id\":\"https:\/\/dmd2dev.smartkmu.com\/es\/#organization\"},\"potentialAction\":[{\"@type\":\"SearchAction\",\"target\":{\"@type\":\"EntryPoint\",\"urlTemplate\":\"https:\/\/dmd2dev.smartkmu.com\/es\/?s={search_term_string}\"},\"query-input\":{\"@type\":\"PropertyValueSpecification\",\"valueRequired\":true,\"valueName\":\"search_term_string\"}}],\"inLanguage\":\"es\"},{\"@type\":\"Organization\",\"@id\":\"https:\/\/dmd2dev.smartkmu.com\/es\/#organization\",\"name\":\"DMD2\",\"url\":\"https:\/\/dmd2dev.smartkmu.com\/es\/\",\"logo\":{\"@type\":\"ImageObject\",\"inLanguage\":\"es\",\"@id\":\"https:\/\/dmd2dev.smartkmu.com\/es\/#\/schema\/logo\/image\/\",\"url\":\"https:\/\/dmd2dev.smartkmu.com\/wp-content\/uploads\/2023\/05\/logo_technology-emotion.png\",\"contentUrl\":\"https:\/\/dmd2dev.smartkmu.com\/wp-content\/uploads\/2023\/05\/logo_technology-emotion.png\",\"width\":874,\"height\":248,\"caption\":\"DMD2\"},\"image\":{\"@id\":\"https:\/\/dmd2dev.smartkmu.com\/es\/#\/schema\/logo\/image\/\"},\"sameAs\":[\"https:\/\/www.facebook.com\/DMD2AG\",\"https:\/\/x.com\/dmd2\",\"https:\/\/www.instagram.com\/dmd2__\",\"https:\/\/www.linkedin.com\/company\/digitalmediadistribution\/\"]}]}<\/script>\n<!-- \/ Yoast SEO plugin. -->","yoast_head_json":{"title":"M\u00fasica para Residencias de mayores - DMD2 \u2013 Hintergrundmusik f\u00fcr Unternehmen","description":"M\u00fasica para residencias de mayores. Transmite m\u00fasica de fondo a trav\u00e9s de una aplicaci\u00f3n para smartphone, tableta, reproductor web para ordenador o reproductor de hardware.","robots":{"index":"index","follow":"follow","max-snippet":"max-snippet:-1","max-image-preview":"max-image-preview:large","max-video-preview":"max-video-preview:-1"},"canonical":"https:\/\/dmd2dev.smartkmu.com\/es\/residencias-de-mayores\/","og_locale":"es_ES","og_type":"article","og_title":"M\u00fasica para Residencias de mayores - DMD2 \u2013 Hintergrundmusik f\u00fcr Unternehmen","og_description":"M\u00fasica para residencias de mayores. Transmite m\u00fasica de fondo a trav\u00e9s de una aplicaci\u00f3n para smartphone, tableta, reproductor web para ordenador o reproductor de hardware.","og_url":"https:\/\/dmd2dev.smartkmu.com\/es\/residencias-de-mayores\/","og_site_name":"DMD2 \u2013 Hintergrundmusik f\u00fcr Unternehmen","article_publisher":"https:\/\/www.facebook.com\/DMD2AG","article_modified_time":"2025-02-03T14:01:05+00:00","og_image":[{"width":1392,"height":255,"url":"https:\/\/dmd2dev.smartkmu.com\/wp-content\/uploads\/2023\/06\/logo_altersresidenzen-02.png","type":"image\/png"}],"twitter_card":"summary_large_image","twitter_site":"@dmd2","twitter_misc":{"Tiempo de lectura":"7 minutos"},"schema":{"@context":"https:\/\/schema.org","@graph":[{"@type":"WebPage","@id":"https:\/\/dmd2dev.smartkmu.com\/es\/residencias-de-mayores\/","url":"https:\/\/dmd2dev.smartkmu.com\/es\/residencias-de-mayores\/","name":"M\u00fasica para Residencias de mayores - DMD2 \u2013 Hintergrundmusik f\u00fcr Unternehmen","isPartOf":{"@id":"https:\/\/dmd2dev.smartkmu.com\/es\/#website"},"primaryImageOfPage":{"@id":"https:\/\/dmd2dev.smartkmu.com\/es\/residencias-de-mayores\/#primaryimage"},"image":{"@id":"https:\/\/dmd2dev.smartkmu.com\/es\/residencias-de-mayores\/#primaryimage"},"thumbnailUrl":"https:\/\/dmd2dev.smartkmu.com\/wp-content\/uploads\/2023\/06\/logo_altersresidenzen-02-1024x188.png","datePublished":"2023-06-13T11:27:50+00:00","dateModified":"2025-02-03T14:01:05+00:00","description":"M\u00fasica para residencias de mayores. Transmite m\u00fasica de fondo a trav\u00e9s de una aplicaci\u00f3n para smartphone, tableta, reproductor web para ordenador o reproductor de hardware.","breadcrumb":{"@id":"https:\/\/dmd2dev.smartkmu.com\/es\/residencias-de-mayores\/#breadcrumb"},"inLanguage":"es","potentialAction":[{"@type":"ReadAction","target":["https:\/\/dmd2dev.smartkmu.com\/es\/residencias-de-mayores\/"]}]},{"@type":"ImageObject","inLanguage":"es","@id":"https:\/\/dmd2dev.smartkmu.com\/es\/residencias-de-mayores\/#primaryimage","url":"https:\/\/dmd2dev.smartkmu.com\/wp-content\/uploads\/2023\/06\/logo_altersresidenzen-02-1024x188.png","contentUrl":"https:\/\/dmd2dev.smartkmu.com\/wp-content\/uploads\/2023\/06\/logo_altersresidenzen-02-1024x188.png"},{"@type":"BreadcrumbList","@id":"https:\/\/dmd2dev.smartkmu.com\/es\/residencias-de-mayores\/#breadcrumb","itemListElement":[{"@type":"ListItem","position":1,"name":"Startseite","item":"https:\/\/dmd2dev.smartkmu.com\/es\/"},{"@type":"ListItem","position":2,"name":"Residencias de mayores"}]},{"@type":"WebSite","@id":"https:\/\/dmd2dev.smartkmu.com\/es\/#website","url":"https:\/\/dmd2dev.smartkmu.com\/es\/","name":"DMD2 - Technology & Emotion, Hintergrundmusik f\u00fcr Unternehmen","description":"GEMA-freie und lizenzierte Musikl\u00f6sungen f\u00fcr Ihr Restaurant, Hotel, Studio, Shop, oder Filiale. Instore Audio, Playlists individuell erstellt. Jetzt gratis testen!","publisher":{"@id":"https:\/\/dmd2dev.smartkmu.com\/es\/#organization"},"potentialAction":[{"@type":"SearchAction","target":{"@type":"EntryPoint","urlTemplate":"https:\/\/dmd2dev.smartkmu.com\/es\/?s={search_term_string}"},"query-input":{"@type":"PropertyValueSpecification","valueRequired":true,"valueName":"search_term_string"}}],"inLanguage":"es"},{"@type":"Organization","@id":"https:\/\/dmd2dev.smartkmu.com\/es\/#organization","name":"DMD2","url":"https:\/\/dmd2dev.smartkmu.com\/es\/","logo":{"@type":"ImageObject","inLanguage":"es","@id":"https:\/\/dmd2dev.smartkmu.com\/es\/#\/schema\/logo\/image\/","url":"https:\/\/dmd2dev.smartkmu.com\/wp-content\/uploads\/2023\/05\/logo_technology-emotion.png","contentUrl":"https:\/\/dmd2dev.smartkmu.com\/wp-content\/uploads\/2023\/05\/logo_technology-emotion.png","width":874,"height":248,"caption":"DMD2"},"image":{"@id":"https:\/\/dmd2dev.smartkmu.com\/es\/#\/schema\/logo\/image\/"},"sameAs":["https:\/\/www.facebook.com\/DMD2AG","https:\/\/x.com\/dmd2","https:\/\/www.instagram.com\/dmd2__","https:\/\/www.linkedin.com\/company\/digitalmediadistribution\/"]}]}},"_links":{"self":[{"href":"https:\/\/dmd2dev.smartkmu.com\/es\/wp-json\/wp\/v2\/pages\/11925","targetHints":{"allow":["GET"]}}],"collection":[{"href":"https:\/\/dmd2dev.smartkmu.com\/es\/wp-json\/wp\/v2\/pages"}],"about":[{"href":"https:\/\/dmd2dev.smartkmu.com\/es\/wp-json\/wp\/v2\/types\/page"}],"author":[{"embeddable":true,"href":"https:\/\/dmd2dev.smartkmu.com\/es\/wp-json\/wp\/v2\/users\/3"}],"replies":[{"embeddable":true,"href":"https:\/\/dmd2dev.smartkmu.com\/es\/wp-json\/wp\/v2\/comments?post=11925"}],"version-history":[{"count":16,"href":"https:\/\/dmd2dev.smartkmu.com\/es\/wp-json\/wp\/v2\/pages\/11925\/revisions"}],"predecessor-version":[{"id":16723,"href":"https:\/\/dmd2dev.smartkmu.com\/es\/wp-json\/wp\/v2\/pages\/11925\/revisions\/16723"}],"wp:attachment":[{"href":"https:\/\/dmd2dev.smartkmu.com\/es\/wp-json\/wp\/v2\/media?parent=11925"}],"curies":[{"name":"wp","href":"https:\/\/api.w.org\/{rel}","templated":true}]}}