{"id":7104,"date":"2023-06-13T13:27:50","date_gmt":"2023-06-13T11:27:50","guid":{"rendered":"https:\/\/preview.dmd2.com\/retirement-homes\/"},"modified":"2025-05-12T17:09:34","modified_gmt":"2025-05-12T15:09:34","slug":"music-for-retirement-homes","status":"publish","type":"page","link":"https:\/\/dmd2dev.smartkmu.com\/en\/music-for-retirement-homes\/","title":{"rendered":"Retirement homes"},"content":{"rendered":"<h3>Health<\/h3>\n<h1>Background Music For Retirement Homes<\/h1>\n<h2>Playlists with content and history for atmospheric musical memories or simply for relaxation.<\/h2>\n<p>\t\t\t\t\t\t\t\t\t\t\t\t\t\t\t<img fetchpriority=\"high\" decoding=\"async\" width=\"800\" height=\"147\" src=\"https:\/\/dmd2dev.smartkmu.com\/wp-content\/uploads\/2023\/06\/logo_altersresidenzen-02-1024x188.png\" alt=\"Bild: Logo Altersresidenzen\" srcset=\"https:\/\/dmd2dev.smartkmu.com\/wp-content\/uploads\/2023\/06\/logo_altersresidenzen-02-1024x188.png 1024w, https:\/\/dmd2dev.smartkmu.com\/wp-content\/uploads\/2023\/06\/logo_altersresidenzen-02-300x55.png 300w, https:\/\/dmd2dev.smartkmu.com\/wp-content\/uploads\/2023\/06\/logo_altersresidenzen-02-768x141.png 768w, https:\/\/dmd2dev.smartkmu.com\/wp-content\/uploads\/2023\/06\/logo_altersresidenzen-02.png 1392w\" sizes=\"(max-width: 800px) 100vw, 800px\" \/><br \/>\n\t\t\t<a href=\"#nextsection\"><br \/>\n\t\t\t<svg xmlns=\"http:\/\/www.w3.org\/2000\/svg\" id=\"noun-arrow-down-2013373\" width=\"39.44\" height=\"56.534\" viewBox=\"0 0 39.44 56.534\"><path id=\"Pfad_482\" data-name=\"Pfad 482\" d=\"M221.337,136.2h-9v42.678l-15.125-9.338-.117,10.393,19.74,12.8,19.7-12.762-.078-10.432-15.138,9.3Z\" transform=\"translate(-197.1 -136.2)\" fill=\"#867264\"><\/path><\/svg>\t\t\t<\/a><\/p>\n<h1>DMD2 Music<br \/>Top Channels For Retirement Homes<\/h1>\n<p><a href=\"https:\/\/dmd2dev.smartkmu.com\/en\/channels\/\">Overview of all DMD2 Music channels<\/a><\/p>\n<h3>DMD2 music works on every sound system<br \/>\n<\/h3>\n<h1>Three steps to your music experience<\/h1>\n<p>\t\t\t\t\t1.\t\t\t\t<\/p>\n<h2>Start your free trial month<br \/>\n<\/h2>\n<p>You have access to all streams and get an overview of the playlists. Can be cancelled at any time without cost.<\/p>\n<p><a href=\"https:\/\/dmd2dev.smartkmu.com\/en\/free-trial\/\">Register here<\/a>.<\/p>\n<p>\t\t\t\t\t2.\t\t\t\t<\/p>\n<h2>Get your Stream.<\/h2>\n<p>The app is free for smartphone or tablet, the web player for computer as well. A hardware player is also available on request.<\/p>\n<p>\t\t\t\t\t3.\t\t\t\t<\/p>\n<h2>Connect your sound system<\/h2>\n<p>Connect your sound system Connect the player to your sound system via Bluetooth, Airplay, WiFi or cable, select a channel and enjoy uninterrupted music.<\/p>\n<h3>Subscription<\/h3>\n<h1>Prices &amp; Order<\/h1>\n<h1>Complementary: Custom, Branding and Promotion<\/h1>\n<h2>DMD2 Spots<\/h2>\n<h2>Announcements, spots &amp; jingles<\/h2>\n<p>We produce and distribute individual announcements, spots and jingles for personalised advertising in your streams.<br \/>Platform-independent and can be combined with any stream.<\/p>\n<p>\t\t\t\t\t<a href=\"https:\/\/dmd2dev.smartkmu.com\/en\/spots\/\"><br \/>\n\t\t\t\t\t\t\t\t\tPlatform<br \/>\n\t\t\t\t\t<\/a><br \/>\n\t\t\t\t\t<a href=\"https:\/\/dmd2dev.smartkmu.com\/en\/spots\/#wirkung\"><br \/>\n\t\t\t\t\t\t\t\t\tImpact<br \/>\n\t\t\t\t\t<\/a><br \/>\n\t\t\t\t\t<a href=\"https:\/\/dmd2dev.smartkmu.com\/en\/spots\/#produktion\"><br \/>\n\t\t\t\t\t\t\t\t\tProduction<br \/>\n\t\t\t\t\t<\/a><\/p>\n<h3>References<\/h3>\n<h1>Lots of satisfied customers<\/h1>\n<p>\t\t\t\t\t\t\t\t\t\t\t\t\t\t\t<img decoding=\"async\" width=\"194\" height=\"133\" src=\"https:\/\/dmd2dev.smartkmu.com\/wp-content\/uploads\/2023\/06\/Schwabgut.svg\" alt=\"\" \/><br \/>\n\t\t\t\t\t\t\t\t\t\t\t\t\t\t\t<img decoding=\"async\" width=\"768\" height=\"543\" src=\"https:\/\/dmd2dev.smartkmu.com\/wp-content\/uploads\/2023\/06\/aurafides.svg\" alt=\"\" \/><\/p>\n","protected":false},"excerpt":{"rendered":"<p>Health Background Music For Retirement Homes Playlists with content and history for atmospheric musical memories or simply for relaxation. DMD2 MusicTop Channels For Retirement Homes Overview of all DMD2 Music channels DMD2 music works on every sound system Three steps to your music experience 1. Start your free trial month You have access to all [&hellip;]<\/p>\n","protected":false},"author":3,"featured_media":0,"parent":0,"menu_order":0,"comment_status":"closed","ping_status":"closed","template":"","meta":{"footnotes":""},"class_list":["post-7104","page","type-page","status-publish","hentry"],"yoast_head":"<!-- This site is optimized with the Yoast SEO plugin v25.1 - https:\/\/yoast.com\/wordpress\/plugins\/seo\/ -->\n<title>technology and content for your radio station<\/title>\n<meta name=\"description\" content=\"Music for retirement homes. Stream background music via app for smartphone, tablet, web player for computer or hardware player.\" \/>\n<meta name=\"robots\" content=\"index, follow, max-snippet:-1, max-image-preview:large, max-video-preview:-1\" \/>\n<link rel=\"canonical\" href=\"https:\/\/dmd2dev.smartkmu.com\/en\/music-for-retirement-homes\/\" \/>\n<meta property=\"og:locale\" content=\"en_US\" \/>\n<meta property=\"og:type\" content=\"article\" \/>\n<meta property=\"og:title\" content=\"technology and content for your radio station\" \/>\n<meta property=\"og:description\" content=\"Music for retirement homes. Stream background music via app for smartphone, tablet, web player for computer or hardware player.\" \/>\n<meta property=\"og:url\" content=\"https:\/\/dmd2dev.smartkmu.com\/en\/music-for-retirement-homes\/\" \/>\n<meta property=\"og:site_name\" content=\"DMD2 \u2013 Hintergrundmusik f\u00fcr Unternehmen\" \/>\n<meta property=\"article:publisher\" content=\"https:\/\/www.facebook.com\/DMD2AG\" \/>\n<meta property=\"article:modified_time\" content=\"2025-05-12T15:09:34+00:00\" \/>\n<meta property=\"og:image\" content=\"https:\/\/dmd2dev.smartkmu.com\/wp-content\/uploads\/2023\/06\/logo_altersresidenzen-02.png\" \/>\n\t<meta property=\"og:image:width\" content=\"1392\" \/>\n\t<meta property=\"og:image:height\" content=\"255\" \/>\n\t<meta property=\"og:image:type\" content=\"image\/png\" \/>\n<meta name=\"twitter:card\" content=\"summary_large_image\" \/>\n<meta name=\"twitter:site\" content=\"@dmd2\" \/>\n<meta name=\"twitter:label1\" content=\"Est. reading time\" \/>\n\t<meta name=\"twitter:data1\" content=\"7 minutes\" \/>\n<script type=\"application\/ld+json\" class=\"yoast-schema-graph\">{\"@context\":\"https:\/\/schema.org\",\"@graph\":[{\"@type\":\"WebPage\",\"@id\":\"https:\/\/dmd2dev.smartkmu.com\/en\/music-for-retirement-homes\/\",\"url\":\"https:\/\/dmd2dev.smartkmu.com\/en\/music-for-retirement-homes\/\",\"name\":\"technology and content for your radio station\",\"isPartOf\":{\"@id\":\"https:\/\/dmd2dev.smartkmu.com\/en\/#website\"},\"primaryImageOfPage\":{\"@id\":\"https:\/\/dmd2dev.smartkmu.com\/en\/music-for-retirement-homes\/#primaryimage\"},\"image\":{\"@id\":\"https:\/\/dmd2dev.smartkmu.com\/en\/music-for-retirement-homes\/#primaryimage\"},\"thumbnailUrl\":\"https:\/\/dmd2dev.smartkmu.com\/wp-content\/uploads\/2023\/06\/logo_altersresidenzen-02-1024x188.png\",\"datePublished\":\"2023-06-13T11:27:50+00:00\",\"dateModified\":\"2025-05-12T15:09:34+00:00\",\"description\":\"Music for retirement homes. Stream background music via app for smartphone, tablet, web player for computer or hardware player.\",\"breadcrumb\":{\"@id\":\"https:\/\/dmd2dev.smartkmu.com\/en\/music-for-retirement-homes\/#breadcrumb\"},\"inLanguage\":\"en-US\",\"potentialAction\":[{\"@type\":\"ReadAction\",\"target\":[\"https:\/\/dmd2dev.smartkmu.com\/en\/music-for-retirement-homes\/\"]}]},{\"@type\":\"ImageObject\",\"inLanguage\":\"en-US\",\"@id\":\"https:\/\/dmd2dev.smartkmu.com\/en\/music-for-retirement-homes\/#primaryimage\",\"url\":\"https:\/\/dmd2dev.smartkmu.com\/wp-content\/uploads\/2023\/06\/logo_altersresidenzen-02-1024x188.png\",\"contentUrl\":\"https:\/\/dmd2dev.smartkmu.com\/wp-content\/uploads\/2023\/06\/logo_altersresidenzen-02-1024x188.png\"},{\"@type\":\"BreadcrumbList\",\"@id\":\"https:\/\/dmd2dev.smartkmu.com\/en\/music-for-retirement-homes\/#breadcrumb\",\"itemListElement\":[{\"@type\":\"ListItem\",\"position\":1,\"name\":\"Startseite\",\"item\":\"https:\/\/dmd2dev.smartkmu.com\/en\/\"},{\"@type\":\"ListItem\",\"position\":2,\"name\":\"Retirement homes\"}]},{\"@type\":\"WebSite\",\"@id\":\"https:\/\/dmd2dev.smartkmu.com\/en\/#website\",\"url\":\"https:\/\/dmd2dev.smartkmu.com\/en\/\",\"name\":\"DMD2 - Technology & Emotion, Hintergrundmusik f\u00fcr Unternehmen\",\"description\":\"GEMA-freie und lizenzierte Musikl\u00f6sungen f\u00fcr Ihr Restaurant, Hotel, Studio, Shop, oder Filiale. Instore Audio, Playlists individuell erstellt. Jetzt gratis testen!\",\"publisher\":{\"@id\":\"https:\/\/dmd2dev.smartkmu.com\/en\/#organization\"},\"potentialAction\":[{\"@type\":\"SearchAction\",\"target\":{\"@type\":\"EntryPoint\",\"urlTemplate\":\"https:\/\/dmd2dev.smartkmu.com\/en\/?s={search_term_string}\"},\"query-input\":{\"@type\":\"PropertyValueSpecification\",\"valueRequired\":true,\"valueName\":\"search_term_string\"}}],\"inLanguage\":\"en-US\"},{\"@type\":\"Organization\",\"@id\":\"https:\/\/dmd2dev.smartkmu.com\/en\/#organization\",\"name\":\"DMD2\",\"url\":\"https:\/\/dmd2dev.smartkmu.com\/en\/\",\"logo\":{\"@type\":\"ImageObject\",\"inLanguage\":\"en-US\",\"@id\":\"https:\/\/dmd2dev.smartkmu.com\/en\/#\/schema\/logo\/image\/\",\"url\":\"https:\/\/dmd2dev.smartkmu.com\/wp-content\/uploads\/2023\/05\/logo_technology-emotion.png\",\"contentUrl\":\"https:\/\/dmd2dev.smartkmu.com\/wp-content\/uploads\/2023\/05\/logo_technology-emotion.png\",\"width\":874,\"height\":248,\"caption\":\"DMD2\"},\"image\":{\"@id\":\"https:\/\/dmd2dev.smartkmu.com\/en\/#\/schema\/logo\/image\/\"},\"sameAs\":[\"https:\/\/www.facebook.com\/DMD2AG\",\"https:\/\/x.com\/dmd2\",\"https:\/\/www.instagram.com\/dmd2__\",\"https:\/\/www.linkedin.com\/company\/digitalmediadistribution\/\"]}]}<\/script>\n<!-- \/ Yoast SEO plugin. -->","yoast_head_json":{"title":"technology and content for your radio station","description":"Music for retirement homes. Stream background music via app for smartphone, tablet, web player for computer or hardware player.","robots":{"index":"index","follow":"follow","max-snippet":"max-snippet:-1","max-image-preview":"max-image-preview:large","max-video-preview":"max-video-preview:-1"},"canonical":"https:\/\/dmd2dev.smartkmu.com\/en\/music-for-retirement-homes\/","og_locale":"en_US","og_type":"article","og_title":"technology and content for your radio station","og_description":"Music for retirement homes. Stream background music via app for smartphone, tablet, web player for computer or hardware player.","og_url":"https:\/\/dmd2dev.smartkmu.com\/en\/music-for-retirement-homes\/","og_site_name":"DMD2 \u2013 Hintergrundmusik f\u00fcr Unternehmen","article_publisher":"https:\/\/www.facebook.com\/DMD2AG","article_modified_time":"2025-05-12T15:09:34+00:00","og_image":[{"width":1392,"height":255,"url":"https:\/\/dmd2dev.smartkmu.com\/wp-content\/uploads\/2023\/06\/logo_altersresidenzen-02.png","type":"image\/png"}],"twitter_card":"summary_large_image","twitter_site":"@dmd2","twitter_misc":{"Est. reading time":"7 minutes"},"schema":{"@context":"https:\/\/schema.org","@graph":[{"@type":"WebPage","@id":"https:\/\/dmd2dev.smartkmu.com\/en\/music-for-retirement-homes\/","url":"https:\/\/dmd2dev.smartkmu.com\/en\/music-for-retirement-homes\/","name":"technology and content for your radio station","isPartOf":{"@id":"https:\/\/dmd2dev.smartkmu.com\/en\/#website"},"primaryImageOfPage":{"@id":"https:\/\/dmd2dev.smartkmu.com\/en\/music-for-retirement-homes\/#primaryimage"},"image":{"@id":"https:\/\/dmd2dev.smartkmu.com\/en\/music-for-retirement-homes\/#primaryimage"},"thumbnailUrl":"https:\/\/dmd2dev.smartkmu.com\/wp-content\/uploads\/2023\/06\/logo_altersresidenzen-02-1024x188.png","datePublished":"2023-06-13T11:27:50+00:00","dateModified":"2025-05-12T15:09:34+00:00","description":"Music for retirement homes. Stream background music via app for smartphone, tablet, web player for computer or hardware player.","breadcrumb":{"@id":"https:\/\/dmd2dev.smartkmu.com\/en\/music-for-retirement-homes\/#breadcrumb"},"inLanguage":"en-US","potentialAction":[{"@type":"ReadAction","target":["https:\/\/dmd2dev.smartkmu.com\/en\/music-for-retirement-homes\/"]}]},{"@type":"ImageObject","inLanguage":"en-US","@id":"https:\/\/dmd2dev.smartkmu.com\/en\/music-for-retirement-homes\/#primaryimage","url":"https:\/\/dmd2dev.smartkmu.com\/wp-content\/uploads\/2023\/06\/logo_altersresidenzen-02-1024x188.png","contentUrl":"https:\/\/dmd2dev.smartkmu.com\/wp-content\/uploads\/2023\/06\/logo_altersresidenzen-02-1024x188.png"},{"@type":"BreadcrumbList","@id":"https:\/\/dmd2dev.smartkmu.com\/en\/music-for-retirement-homes\/#breadcrumb","itemListElement":[{"@type":"ListItem","position":1,"name":"Startseite","item":"https:\/\/dmd2dev.smartkmu.com\/en\/"},{"@type":"ListItem","position":2,"name":"Retirement homes"}]},{"@type":"WebSite","@id":"https:\/\/dmd2dev.smartkmu.com\/en\/#website","url":"https:\/\/dmd2dev.smartkmu.com\/en\/","name":"DMD2 - Technology & Emotion, Hintergrundmusik f\u00fcr Unternehmen","description":"GEMA-freie und lizenzierte Musikl\u00f6sungen f\u00fcr Ihr Restaurant, Hotel, Studio, Shop, oder Filiale. Instore Audio, Playlists individuell erstellt. Jetzt gratis testen!","publisher":{"@id":"https:\/\/dmd2dev.smartkmu.com\/en\/#organization"},"potentialAction":[{"@type":"SearchAction","target":{"@type":"EntryPoint","urlTemplate":"https:\/\/dmd2dev.smartkmu.com\/en\/?s={search_term_string}"},"query-input":{"@type":"PropertyValueSpecification","valueRequired":true,"valueName":"search_term_string"}}],"inLanguage":"en-US"},{"@type":"Organization","@id":"https:\/\/dmd2dev.smartkmu.com\/en\/#organization","name":"DMD2","url":"https:\/\/dmd2dev.smartkmu.com\/en\/","logo":{"@type":"ImageObject","inLanguage":"en-US","@id":"https:\/\/dmd2dev.smartkmu.com\/en\/#\/schema\/logo\/image\/","url":"https:\/\/dmd2dev.smartkmu.com\/wp-content\/uploads\/2023\/05\/logo_technology-emotion.png","contentUrl":"https:\/\/dmd2dev.smartkmu.com\/wp-content\/uploads\/2023\/05\/logo_technology-emotion.png","width":874,"height":248,"caption":"DMD2"},"image":{"@id":"https:\/\/dmd2dev.smartkmu.com\/en\/#\/schema\/logo\/image\/"},"sameAs":["https:\/\/www.facebook.com\/DMD2AG","https:\/\/x.com\/dmd2","https:\/\/www.instagram.com\/dmd2__","https:\/\/www.linkedin.com\/company\/digitalmediadistribution\/"]}]}},"_links":{"self":[{"href":"https:\/\/dmd2dev.smartkmu.com\/en\/wp-json\/wp\/v2\/pages\/7104","targetHints":{"allow":["GET"]}}],"collection":[{"href":"https:\/\/dmd2dev.smartkmu.com\/en\/wp-json\/wp\/v2\/pages"}],"about":[{"href":"https:\/\/dmd2dev.smartkmu.com\/en\/wp-json\/wp\/v2\/types\/page"}],"author":[{"embeddable":true,"href":"https:\/\/dmd2dev.smartkmu.com\/en\/wp-json\/wp\/v2\/users\/3"}],"replies":[{"embeddable":true,"href":"https:\/\/dmd2dev.smartkmu.com\/en\/wp-json\/wp\/v2\/comments?post=7104"}],"version-history":[{"count":30,"href":"https:\/\/dmd2dev.smartkmu.com\/en\/wp-json\/wp\/v2\/pages\/7104\/revisions"}],"predecessor-version":[{"id":17376,"href":"https:\/\/dmd2dev.smartkmu.com\/en\/wp-json\/wp\/v2\/pages\/7104\/revisions\/17376"}],"wp:attachment":[{"href":"https:\/\/dmd2dev.smartkmu.com\/en\/wp-json\/wp\/v2\/media?parent=7104"}],"curies":[{"name":"wp","href":"https:\/\/api.w.org\/{rel}","templated":true}]}}